{"id":76338,"date":"2024-10-08T10:23:41","date_gmt":"2024-10-08T08:23:41","guid":{"rendered":"https:\/\/wosde.it\/mantel-individual-con-bandeja-de-salvia-vintage\/"},"modified":"2026-03-19T17:08:57","modified_gmt":"2026-03-19T16:08:57","slug":"mantel-individual-con-bandeja-de-salvia-vintage","status":"publish","type":"product","link":"https:\/\/wosde.it\/es\/mantel-individual-con-bandeja-de-salvia-vintage\/","title":{"rendered":"Mantel individual con bandeja de Vintage salvia"},"content":{"rendered":"<p>El mantel individual de bandeja de piel sint\u00e9tica, disponible en el sofisticado color Vintage Sage, es perfecto para a\u00f1adir un toque de elegancia a sus mesas. Este mantel individual est\u00e1 dise\u00f1ado para satisfacer las necesidades de los profesionales de la hosteler\u00eda. Puede personalizarlo con su logotipo, ya sea impreso o en relieve.<\/p>\n","protected":false},"excerpt":{"rendered":"<p>Mantel individual tipo bandeja en piel sint\u00e9tica, color Vintage salvia, perfecto para entornos sofisticados.<\/p>\n","protected":false},"featured_media":62260,"template":"","meta":{"_acf_changed":false},"product_brand":[],"product_cat":[1462,1380,1437],"product_tag":[1431],"class_list":{"0":"post-76338","1":"product","2":"type-product","3":"status-publish","4":"has-post-thumbnail","6":"product_cat-bandeja","7":"product_cat-manteles-individuales","8":"product_cat-manteles-individuales-de-formas-clasicas","9":"product_tag-salvia-aneja","10":"pa_colore-salvia-aneja","11":"pa_forma-tovaglietta-bandeja","13":"first","14":"instock","15":"purchasable","16":"product-type-simple"},"acf":[],"_links":{"self":[{"href":"https:\/\/wosde.it\/es\/wp-json\/wp\/v2\/product\/76338","targetHints":{"allow":["GET"]}}],"collection":[{"href":"https:\/\/wosde.it\/es\/wp-json\/wp\/v2\/product"}],"about":[{"href":"https:\/\/wosde.it\/es\/wp-json\/wp\/v2\/types\/product"}],"wp:featuredmedia":[{"embeddable":true,"href":"https:\/\/wosde.it\/es\/wp-json\/wp\/v2\/media\/62260"}],"wp:attachment":[{"href":"https:\/\/wosde.it\/es\/wp-json\/wp\/v2\/media?parent=76338"}],"wp:term":[{"taxonomy":"product_brand","embeddable":true,"href":"https:\/\/wosde.it\/es\/wp-json\/wp\/v2\/product_brand?post=76338"},{"taxonomy":"product_cat","embeddable":true,"href":"https:\/\/wosde.it\/es\/wp-json\/wp\/v2\/product_cat?post=76338"},{"taxonomy":"product_tag","embeddable":true,"href":"https:\/\/wosde.it\/es\/wp-json\/wp\/v2\/product_tag?post=76338"}],"curies":[{"name":"wp","href":"https:\/\/api.w.org\/{rel}","templated":true}]}}