{"id":76284,"date":"2024-10-08T10:22:37","date_gmt":"2024-10-08T08:22:37","guid":{"rendered":"https:\/\/wosde.it\/bandeja-para-mantel-individual-de-metal-platino\/"},"modified":"2026-03-19T17:06:57","modified_gmt":"2026-03-19T16:06:57","slug":"bandeja-para-mantel-individual-de-metal-platino","status":"publish","type":"product","link":"https:\/\/wosde.it\/es\/bandeja-para-mantel-individual-de-metal-platino\/","title":{"rendered":"Bandeja para mantel individual Metal platino"},"content":{"rendered":"<p>El mantel individual de bandeja de piel sint\u00e9tica, disponible en el sofisticado color platino, es perfecto para a\u00f1adir un toque de elegancia a sus mesas. Este mantel individual est\u00e1 dise\u00f1ado para satisfacer las necesidades de los profesionales de la hosteler\u00eda. Puede personalizarlo con su logotipo, ya sea impreso o en relieve.<\/p>\n","protected":false},"excerpt":{"rendered":"<p>Mantel individual tipo bandeja en piel sint\u00e9tica, color Metal platino, perfecto para entornos sofisticados.<\/p>\n","protected":false},"featured_media":62226,"template":"","meta":{"_acf_changed":false},"product_brand":[],"product_cat":[1462,1380,1437],"product_tag":[1403,1395],"class_list":{"0":"post-76284","1":"product","2":"type-product","3":"status-publish","4":"has-post-thumbnail","6":"product_cat-bandeja","7":"product_cat-manteles-individuales","8":"product_cat-manteles-individuales-de-formas-clasicas","9":"product_tag-agua-aneja","10":"product_tag-platino-metalizado","11":"pa_colore-platino-metalizado","12":"pa_forma-tovaglietta-bandeja","14":"first","15":"instock","16":"purchasable","17":"product-type-simple"},"acf":[],"_links":{"self":[{"href":"https:\/\/wosde.it\/es\/wp-json\/wp\/v2\/product\/76284","targetHints":{"allow":["GET"]}}],"collection":[{"href":"https:\/\/wosde.it\/es\/wp-json\/wp\/v2\/product"}],"about":[{"href":"https:\/\/wosde.it\/es\/wp-json\/wp\/v2\/types\/product"}],"wp:featuredmedia":[{"embeddable":true,"href":"https:\/\/wosde.it\/es\/wp-json\/wp\/v2\/media\/62226"}],"wp:attachment":[{"href":"https:\/\/wosde.it\/es\/wp-json\/wp\/v2\/media?parent=76284"}],"wp:term":[{"taxonomy":"product_brand","embeddable":true,"href":"https:\/\/wosde.it\/es\/wp-json\/wp\/v2\/product_brand?post=76284"},{"taxonomy":"product_cat","embeddable":true,"href":"https:\/\/wosde.it\/es\/wp-json\/wp\/v2\/product_cat?post=76284"},{"taxonomy":"product_tag","embeddable":true,"href":"https:\/\/wosde.it\/es\/wp-json\/wp\/v2\/product_tag?post=76284"}],"curies":[{"name":"wp","href":"https:\/\/api.w.org\/{rel}","templated":true}]}}