{"id":76242,"date":"2024-10-08T10:21:43","date_gmt":"2024-10-08T08:21:43","guid":{"rendered":"https:\/\/wosde.it\/mantel-individual-triangular-vintage-de-noche\/"},"modified":"2026-03-19T17:05:57","modified_gmt":"2026-03-19T16:05:57","slug":"mantel-individual-triangular-vintage-de-noche","status":"publish","type":"product","link":"https:\/\/wosde.it\/es\/mantel-individual-triangular-vintage-de-noche\/","title":{"rendered":"Mantel individual triangular Vintage notte"},"content":{"rendered":"<p>El mantel individual Triangolo de polipiel, disponible en el sofisticado color Vintage Night, es perfecto para a\u00f1adir un toque de elegancia a sus mesas. Este mantel individual est\u00e1 dise\u00f1ado para satisfacer las necesidades de los profesionales de la hosteler\u00eda. Puede personalizarse con su logotipo, ya sea impreso o en relieve.<\/p>\n","protected":false},"excerpt":{"rendered":"<p>Mantel individual triangular en piel sint\u00e9tica, color Vintage notte, perfecto para ambientes sofisticados.<\/p>\n","protected":false},"featured_media":62198,"template":"","meta":{"_acf_changed":false},"product_brand":[],"product_cat":[1380,1381,1460],"product_tag":[1421],"class_list":{"0":"post-76242","1":"product","2":"type-product","3":"status-publish","4":"has-post-thumbnail","6":"product_cat-manteles-individuales","7":"product_cat-manteles-individuales-de-formas-contemporaneas","8":"product_cat-triangulo","9":"product_tag-noche-aneja","10":"pa_colore-noche-aneja","11":"pa_forma-tovaglietta-triangulo","13":"first","14":"instock","15":"purchasable","16":"product-type-simple"},"acf":[],"_links":{"self":[{"href":"https:\/\/wosde.it\/es\/wp-json\/wp\/v2\/product\/76242","targetHints":{"allow":["GET"]}}],"collection":[{"href":"https:\/\/wosde.it\/es\/wp-json\/wp\/v2\/product"}],"about":[{"href":"https:\/\/wosde.it\/es\/wp-json\/wp\/v2\/types\/product"}],"wp:featuredmedia":[{"embeddable":true,"href":"https:\/\/wosde.it\/es\/wp-json\/wp\/v2\/media\/62198"}],"wp:attachment":[{"href":"https:\/\/wosde.it\/es\/wp-json\/wp\/v2\/media?parent=76242"}],"wp:term":[{"taxonomy":"product_brand","embeddable":true,"href":"https:\/\/wosde.it\/es\/wp-json\/wp\/v2\/product_brand?post=76242"},{"taxonomy":"product_cat","embeddable":true,"href":"https:\/\/wosde.it\/es\/wp-json\/wp\/v2\/product_cat?post=76242"},{"taxonomy":"product_tag","embeddable":true,"href":"https:\/\/wosde.it\/es\/wp-json\/wp\/v2\/product_tag?post=76242"}],"curies":[{"name":"wp","href":"https:\/\/api.w.org\/{rel}","templated":true}]}}