{"id":76151,"date":"2024-10-08T10:19:51","date_gmt":"2024-10-08T08:19:51","guid":{"rendered":"https:\/\/wosde.it\/mantel-individual-redondo-vintage-amarillo\/"},"modified":"2026-03-19T17:02:57","modified_gmt":"2026-03-19T16:02:57","slug":"mantel-individual-redondo-vintage-amarillo","status":"publish","type":"product","link":"https:\/\/wosde.it\/es\/mantel-individual-redondo-vintage-amarillo\/","title":{"rendered":"Mantel individual redondo Vintage giallo"},"content":{"rendered":"<p>El mantel individual redondo de polipiel, disponible en el sofisticado color Vintage giallo, es perfecto para a\u00f1adir un toque de elegancia a sus mesas. Este mantel individual est\u00e1 dise\u00f1ado para satisfacer las necesidades de los profesionales de la hosteler\u00eda. Puede personalizarlo con su logotipo, ya sea impreso o en relieve.<\/p>\n","protected":false},"excerpt":{"rendered":"<p>Mantel individual redondo en piel sint\u00e9tica, color Vintage giallo, perfecto para entornos sofisticados.<\/p>\n","protected":false},"featured_media":62142,"template":"","meta":{"_acf_changed":false},"product_brand":[],"product_cat":[1380,1440,1458],"product_tag":[1415],"class_list":{"0":"post-76151","1":"product","2":"type-product","3":"status-publish","4":"has-post-thumbnail","6":"product_cat-manteles-individuales","7":"product_cat-manteles-individuales-de-formas-suaves","8":"product_cat-redondo","9":"product_tag-amarillo-anejo","10":"pa_colore-amarillo-anejo","11":"pa_forma-tovaglietta-redondo","13":"first","14":"instock","15":"purchasable","16":"product-type-simple"},"acf":[],"_links":{"self":[{"href":"https:\/\/wosde.it\/es\/wp-json\/wp\/v2\/product\/76151","targetHints":{"allow":["GET"]}}],"collection":[{"href":"https:\/\/wosde.it\/es\/wp-json\/wp\/v2\/product"}],"about":[{"href":"https:\/\/wosde.it\/es\/wp-json\/wp\/v2\/types\/product"}],"wp:featuredmedia":[{"embeddable":true,"href":"https:\/\/wosde.it\/es\/wp-json\/wp\/v2\/media\/62142"}],"wp:attachment":[{"href":"https:\/\/wosde.it\/es\/wp-json\/wp\/v2\/media?parent=76151"}],"wp:term":[{"taxonomy":"product_brand","embeddable":true,"href":"https:\/\/wosde.it\/es\/wp-json\/wp\/v2\/product_brand?post=76151"},{"taxonomy":"product_cat","embeddable":true,"href":"https:\/\/wosde.it\/es\/wp-json\/wp\/v2\/product_cat?post=76151"},{"taxonomy":"product_tag","embeddable":true,"href":"https:\/\/wosde.it\/es\/wp-json\/wp\/v2\/product_tag?post=76151"}],"curies":[{"name":"wp","href":"https:\/\/api.w.org\/{rel}","templated":true}]}}