{"id":76112,"date":"2024-10-08T10:19:02","date_gmt":"2024-10-08T08:19:02","guid":{"rendered":"https:\/\/wosde.it\/mantel-individual-redondo-de-metal-dorado\/"},"modified":"2026-03-19T17:01:57","modified_gmt":"2026-03-19T16:01:57","slug":"mantel-individual-redondo-de-metal-dorado","status":"publish","type":"product","link":"https:\/\/wosde.it\/es\/mantel-individual-redondo-de-metal-dorado\/","title":{"rendered":"Mantel individual redondo de Metal oro"},"content":{"rendered":"<p>El mantel individual redondo de piel sint\u00e9tica, disponible en el sofisticado color dorado met\u00e1lico, es perfecto para a\u00f1adir un toque de elegancia a sus mesas. Este mantel individual est\u00e1 dise\u00f1ado para satisfacer las necesidades de los profesionales de la hosteler\u00eda. Puede personalizarlo con su logotipo, ya sea impreso o en relieve.<\/p>\n","protected":false},"excerpt":{"rendered":"<p>Mantel individual redondo en piel sint\u00e9tica, color Metal oro, perfecto para ambientes sofisticados.<\/p>\n","protected":false},"featured_media":62116,"template":"","meta":{"_acf_changed":false},"product_brand":[],"product_cat":[1380,1440,1458],"product_tag":[1403,1389],"class_list":{"0":"post-76112","1":"product","2":"type-product","3":"status-publish","4":"has-post-thumbnail","6":"product_cat-manteles-individuales","7":"product_cat-manteles-individuales-de-formas-suaves","8":"product_cat-redondo","9":"product_tag-agua-aneja","10":"product_tag-dorado-metalizado","11":"pa_colore-dorado-metalizado","12":"pa_forma-tovaglietta-redondo","14":"first","15":"instock","16":"purchasable","17":"product-type-simple"},"acf":[],"_links":{"self":[{"href":"https:\/\/wosde.it\/es\/wp-json\/wp\/v2\/product\/76112","targetHints":{"allow":["GET"]}}],"collection":[{"href":"https:\/\/wosde.it\/es\/wp-json\/wp\/v2\/product"}],"about":[{"href":"https:\/\/wosde.it\/es\/wp-json\/wp\/v2\/types\/product"}],"wp:featuredmedia":[{"embeddable":true,"href":"https:\/\/wosde.it\/es\/wp-json\/wp\/v2\/media\/62116"}],"wp:attachment":[{"href":"https:\/\/wosde.it\/es\/wp-json\/wp\/v2\/media?parent=76112"}],"wp:term":[{"taxonomy":"product_brand","embeddable":true,"href":"https:\/\/wosde.it\/es\/wp-json\/wp\/v2\/product_brand?post=76112"},{"taxonomy":"product_cat","embeddable":true,"href":"https:\/\/wosde.it\/es\/wp-json\/wp\/v2\/product_cat?post=76112"},{"taxonomy":"product_tag","embeddable":true,"href":"https:\/\/wosde.it\/es\/wp-json\/wp\/v2\/product_tag?post=76112"}],"curies":[{"name":"wp","href":"https:\/\/api.w.org\/{rel}","templated":true}]}}