{"id":76043,"date":"2024-10-08T10:17:33","date_gmt":"2024-10-08T08:17:33","guid":{"rendered":"https:\/\/wosde.it\/mantel-individual-de-metal-de-piedra-rojo\/"},"modified":"2026-03-19T16:58:59","modified_gmt":"2026-03-19T15:58:59","slug":"mantel-individual-de-metal-de-piedra-rojo","status":"publish","type":"product","link":"https:\/\/wosde.it\/es\/mantel-individual-de-metal-de-piedra-rojo\/","title":{"rendered":"Mantel individual de metal pietra Metal rosso"},"content":{"rendered":"<p>El mantel individual Stone de piel sint\u00e9tica, disponible en el sofisticado color rojo metalizado, es perfecto para a\u00f1adir un toque de elegancia a sus mesas. Este mantel individual est\u00e1 dise\u00f1ado para satisfacer las necesidades de los profesionales de la hosteler\u00eda. Puede personalizarse con su logotipo, ya sea impreso o en relieve.<\/p>\n","protected":false},"excerpt":{"rendered":"<p>Mantel individual de piedra en piel sint\u00e9tica, color rojo metalizado, perfecto para entornos sofisticados.<\/p>\n","protected":false},"featured_media":62072,"template":"","meta":{"_acf_changed":false},"product_brand":[],"product_cat":[1380,1440,1456],"product_tag":[1403,1397],"class_list":{"0":"post-76043","1":"product","2":"type-product","3":"status-publish","4":"has-post-thumbnail","6":"product_cat-manteles-individuales","7":"product_cat-manteles-individuales-de-formas-suaves","8":"product_cat-piedra","9":"product_tag-agua-aneja","10":"product_tag-rojo-metalizado","11":"pa_colore-rojo-metalizado","12":"pa_forma-tovaglietta-piedra","14":"first","15":"instock","16":"purchasable","17":"product-type-simple"},"acf":[],"_links":{"self":[{"href":"https:\/\/wosde.it\/es\/wp-json\/wp\/v2\/product\/76043","targetHints":{"allow":["GET"]}}],"collection":[{"href":"https:\/\/wosde.it\/es\/wp-json\/wp\/v2\/product"}],"about":[{"href":"https:\/\/wosde.it\/es\/wp-json\/wp\/v2\/types\/product"}],"wp:featuredmedia":[{"embeddable":true,"href":"https:\/\/wosde.it\/es\/wp-json\/wp\/v2\/media\/62072"}],"wp:attachment":[{"href":"https:\/\/wosde.it\/es\/wp-json\/wp\/v2\/media?parent=76043"}],"wp:term":[{"taxonomy":"product_brand","embeddable":true,"href":"https:\/\/wosde.it\/es\/wp-json\/wp\/v2\/product_brand?post=76043"},{"taxonomy":"product_cat","embeddable":true,"href":"https:\/\/wosde.it\/es\/wp-json\/wp\/v2\/product_cat?post=76043"},{"taxonomy":"product_tag","embeddable":true,"href":"https:\/\/wosde.it\/es\/wp-json\/wp\/v2\/product_tag?post=76043"}],"curies":[{"name":"wp","href":"https:\/\/api.w.org\/{rel}","templated":true}]}}