{"id":76025,"date":"2024-10-08T10:17:10","date_gmt":"2024-10-08T08:17:10","guid":{"rendered":"https:\/\/wosde.it\/mantel-individual-de-metal-de-piedra-burdeos\/"},"modified":"2026-03-19T16:58:57","modified_gmt":"2026-03-19T15:58:57","slug":"mantel-individual-de-metal-de-piedra-burdeos","status":"publish","type":"product","link":"https:\/\/wosde.it\/es\/mantel-individual-de-metal-de-piedra-burdeos\/","title":{"rendered":"Mantel individual Metal bordeaux pietra"},"content":{"rendered":"<p>El mantel individual Stone de piel sint\u00e9tica, disponible en el sofisticado color bordeaux Metal, es perfecto para a\u00f1adir un toque de elegancia a sus mesas. Este mantel individual est\u00e1 dise\u00f1ado para satisfacer las necesidades de los profesionales de la hosteler\u00eda. Puede personalizarlo con su logotipo, ya sea impreso o en relieve.<\/p>\n","protected":false},"excerpt":{"rendered":"<p>Mantel individual de piedra en piel sint\u00e9tica, color Metal bordeaux, perfecto para ambientes sofisticados.<\/p>\n","protected":false},"featured_media":62060,"template":"","meta":{"_acf_changed":false},"product_brand":[],"product_cat":[1380,1440,1456],"product_tag":[1403,1385],"class_list":{"0":"post-76025","1":"product","2":"type-product","3":"status-publish","4":"has-post-thumbnail","6":"product_cat-manteles-individuales","7":"product_cat-manteles-individuales-de-formas-suaves","8":"product_cat-piedra","9":"product_tag-agua-aneja","10":"product_tag-burdeos-metalizado","11":"pa_colore-burdeos-metalizado","12":"pa_forma-tovaglietta-piedra","14":"first","15":"instock","16":"purchasable","17":"product-type-simple"},"acf":[],"_links":{"self":[{"href":"https:\/\/wosde.it\/es\/wp-json\/wp\/v2\/product\/76025","targetHints":{"allow":["GET"]}}],"collection":[{"href":"https:\/\/wosde.it\/es\/wp-json\/wp\/v2\/product"}],"about":[{"href":"https:\/\/wosde.it\/es\/wp-json\/wp\/v2\/types\/product"}],"wp:featuredmedia":[{"embeddable":true,"href":"https:\/\/wosde.it\/es\/wp-json\/wp\/v2\/media\/62060"}],"wp:attachment":[{"href":"https:\/\/wosde.it\/es\/wp-json\/wp\/v2\/media?parent=76025"}],"wp:term":[{"taxonomy":"product_brand","embeddable":true,"href":"https:\/\/wosde.it\/es\/wp-json\/wp\/v2\/product_brand?post=76025"},{"taxonomy":"product_cat","embeddable":true,"href":"https:\/\/wosde.it\/es\/wp-json\/wp\/v2\/product_cat?post=76025"},{"taxonomy":"product_tag","embeddable":true,"href":"https:\/\/wosde.it\/es\/wp-json\/wp\/v2\/product_tag?post=76025"}],"curies":[{"name":"wp","href":"https:\/\/api.w.org\/{rel}","templated":true}]}}