{"id":75992,"date":"2024-10-08T10:16:28","date_gmt":"2024-10-08T08:16:28","guid":{"rendered":"https:\/\/wosde.it\/mantel-individual-semicircular-vintage-de-lavanda\/"},"modified":"2026-03-19T16:57:59","modified_gmt":"2026-03-19T15:57:59","slug":"mantel-individual-semicircular-vintage-de-lavanda","status":"publish","type":"product","link":"https:\/\/wosde.it\/es\/mantel-individual-semicircular-vintage-de-lavanda\/","title":{"rendered":"Mantel individual semicircular Vintage lavanda"},"content":{"rendered":"<p>El mantel individual Semicircular de piel sint\u00e9tica, disponible en el sofisticado color Vintage lavanda, es perfecto para a\u00f1adir un toque de elegancia a sus mesas. Este mantel individual est\u00e1 dise\u00f1ado para satisfacer las necesidades de los profesionales de la hosteler\u00eda. Puede personalizarlo con su logotipo, ya sea impreso o en relieve.<\/p>\n","protected":false},"excerpt":{"rendered":"<p>Mantel individual de medio c\u00edrculo en piel sint\u00e9tica, color Vintage lavanda, perfecto para entornos sofisticados.<\/p>\n","protected":false},"featured_media":62302,"template":"","meta":{"_acf_changed":false},"product_brand":[],"product_cat":[1380,1440,1454],"product_tag":[1417],"class_list":{"0":"post-75992","1":"product","2":"type-product","3":"status-publish","4":"has-post-thumbnail","6":"product_cat-manteles-individuales","7":"product_cat-manteles-individuales-de-formas-suaves","8":"product_cat-semicirculo","9":"product_tag-lavanda-aneja","10":"pa_colore-lavanda-aneja","11":"pa_forma-tovaglietta-semicirculo","13":"first","14":"instock","15":"purchasable","16":"product-type-simple"},"acf":[],"_links":{"self":[{"href":"https:\/\/wosde.it\/es\/wp-json\/wp\/v2\/product\/75992","targetHints":{"allow":["GET"]}}],"collection":[{"href":"https:\/\/wosde.it\/es\/wp-json\/wp\/v2\/product"}],"about":[{"href":"https:\/\/wosde.it\/es\/wp-json\/wp\/v2\/types\/product"}],"wp:featuredmedia":[{"embeddable":true,"href":"https:\/\/wosde.it\/es\/wp-json\/wp\/v2\/media\/62302"}],"wp:attachment":[{"href":"https:\/\/wosde.it\/es\/wp-json\/wp\/v2\/media?parent=75992"}],"wp:term":[{"taxonomy":"product_brand","embeddable":true,"href":"https:\/\/wosde.it\/es\/wp-json\/wp\/v2\/product_brand?post=75992"},{"taxonomy":"product_cat","embeddable":true,"href":"https:\/\/wosde.it\/es\/wp-json\/wp\/v2\/product_cat?post=75992"},{"taxonomy":"product_tag","embeddable":true,"href":"https:\/\/wosde.it\/es\/wp-json\/wp\/v2\/product_tag?post=75992"}],"curies":[{"name":"wp","href":"https:\/\/api.w.org\/{rel}","templated":true}]}}