{"id":75989,"date":"2024-10-08T10:16:24","date_gmt":"2024-10-08T08:16:24","guid":{"rendered":"https:\/\/wosde.it\/mantel-individual-vintage-semicircular-amarillo\/"},"modified":"2026-03-19T16:57:03","modified_gmt":"2026-03-19T15:57:03","slug":"mantel-individual-vintage-semicircular-amarillo","status":"publish","type":"product","link":"https:\/\/wosde.it\/es\/mantel-individual-vintage-semicircular-amarillo\/","title":{"rendered":"Mantel individual vintage semicircular Vintage giallo"},"content":{"rendered":"<p>El mantel individual Semicircular de polipiel, disponible en el sofisticado color Vintage giallo, es perfecto para a\u00f1adir un toque de elegancia a sus mesas. Este mantel individual est\u00e1 dise\u00f1ado para satisfacer las necesidades de los profesionales de la hosteler\u00eda. Puede personalizarse con su logotipo, ya sea impreso o en relieve.<\/p>\n","protected":false},"excerpt":{"rendered":"<p>Mantel individual de medio c\u00edrculo en piel sint\u00e9tica, color Vintage giallo, perfecto para entornos sofisticados.<\/p>\n","protected":false},"featured_media":62038,"template":"","meta":{"_acf_changed":false},"product_brand":[],"product_cat":[1380,1440,1454],"product_tag":[1415],"class_list":{"0":"post-75989","1":"product","2":"type-product","3":"status-publish","4":"has-post-thumbnail","6":"product_cat-manteles-individuales","7":"product_cat-manteles-individuales-de-formas-suaves","8":"product_cat-semicirculo","9":"product_tag-amarillo-anejo","10":"pa_colore-amarillo-anejo","11":"pa_forma-tovaglietta-semicirculo","13":"first","14":"instock","15":"purchasable","16":"product-type-simple"},"acf":[],"_links":{"self":[{"href":"https:\/\/wosde.it\/es\/wp-json\/wp\/v2\/product\/75989","targetHints":{"allow":["GET"]}}],"collection":[{"href":"https:\/\/wosde.it\/es\/wp-json\/wp\/v2\/product"}],"about":[{"href":"https:\/\/wosde.it\/es\/wp-json\/wp\/v2\/types\/product"}],"wp:featuredmedia":[{"embeddable":true,"href":"https:\/\/wosde.it\/es\/wp-json\/wp\/v2\/media\/62038"}],"wp:attachment":[{"href":"https:\/\/wosde.it\/es\/wp-json\/wp\/v2\/media?parent=75989"}],"wp:term":[{"taxonomy":"product_brand","embeddable":true,"href":"https:\/\/wosde.it\/es\/wp-json\/wp\/v2\/product_brand?post=75989"},{"taxonomy":"product_cat","embeddable":true,"href":"https:\/\/wosde.it\/es\/wp-json\/wp\/v2\/product_cat?post=75989"},{"taxonomy":"product_tag","embeddable":true,"href":"https:\/\/wosde.it\/es\/wp-json\/wp\/v2\/product_tag?post=75989"}],"curies":[{"name":"wp","href":"https:\/\/api.w.org\/{rel}","templated":true}]}}