{"id":75956,"date":"2024-10-08T10:15:43","date_gmt":"2024-10-08T08:15:43","guid":{"rendered":"https:\/\/wosde.it\/mantel-individual-de-peltre-de-metal-semicircular\/"},"modified":"2026-03-19T16:56:01","modified_gmt":"2026-03-19T15:56:01","slug":"mantel-individual-de-peltre-de-metal-semicircular","status":"publish","type":"product","link":"https:\/\/wosde.it\/es\/mantel-individual-de-peltre-de-metal-semicircular\/","title":{"rendered":"Mantel individual Metal peltro semicircular"},"content":{"rendered":"<p>El mantel individual Semicircular de piel sint\u00e9tica, disponible en el sofisticado color peltro met\u00e1lico, es perfecto para a\u00f1adir un toque de elegancia a sus mesas. Este mantel individual est\u00e1 dise\u00f1ado para satisfacer las necesidades de los profesionales de la hosteler\u00eda. Puede personalizarse con su logotipo, ya sea impreso o en relieve.<\/p>\n","protected":false},"excerpt":{"rendered":"<p>Mantel individual de medio c\u00edrculo en piel sint\u00e9tica, color Metal peltro, perfecto para entornos sofisticados.<\/p>\n","protected":false},"featured_media":62016,"template":"","meta":{"_acf_changed":false},"product_brand":[],"product_cat":[1380,1440,1454],"product_tag":[1403,1393],"class_list":{"0":"post-75956","1":"product","2":"type-product","3":"status-publish","4":"has-post-thumbnail","6":"product_cat-manteles-individuales","7":"product_cat-manteles-individuales-de-formas-suaves","8":"product_cat-semicirculo","9":"product_tag-agua-aneja","10":"product_tag-estano-metalizado","11":"pa_colore-estano-metalizado","12":"pa_forma-tovaglietta-semicirculo","14":"first","15":"instock","16":"purchasable","17":"product-type-simple"},"acf":[],"_links":{"self":[{"href":"https:\/\/wosde.it\/es\/wp-json\/wp\/v2\/product\/75956","targetHints":{"allow":["GET"]}}],"collection":[{"href":"https:\/\/wosde.it\/es\/wp-json\/wp\/v2\/product"}],"about":[{"href":"https:\/\/wosde.it\/es\/wp-json\/wp\/v2\/types\/product"}],"wp:featuredmedia":[{"embeddable":true,"href":"https:\/\/wosde.it\/es\/wp-json\/wp\/v2\/media\/62016"}],"wp:attachment":[{"href":"https:\/\/wosde.it\/es\/wp-json\/wp\/v2\/media?parent=75956"}],"wp:term":[{"taxonomy":"product_brand","embeddable":true,"href":"https:\/\/wosde.it\/es\/wp-json\/wp\/v2\/product_brand?post=75956"},{"taxonomy":"product_cat","embeddable":true,"href":"https:\/\/wosde.it\/es\/wp-json\/wp\/v2\/product_cat?post=75956"},{"taxonomy":"product_tag","embeddable":true,"href":"https:\/\/wosde.it\/es\/wp-json\/wp\/v2\/product_tag?post=75956"}],"curies":[{"name":"wp","href":"https:\/\/api.w.org\/{rel}","templated":true}]}}