{"id":75926,"date":"2024-10-08T10:15:02","date_gmt":"2024-10-08T08:15:02","guid":{"rendered":"https:\/\/wosde.it\/mantel-individual-rectangular-con-borde-vintage-en-color-arena\/"},"modified":"2026-03-19T16:55:02","modified_gmt":"2026-03-19T15:55:02","slug":"mantel-individual-rectangular-con-borde-vintage-en-color-arena","status":"publish","type":"product","link":"https:\/\/wosde.it\/es\/mantel-individual-rectangular-con-borde-vintage-en-color-arena\/","title":{"rendered":"Mantel individual rectangular con borde vintage en Vintage sabbia"},"content":{"rendered":"<p>El mantel individual de piel sint\u00e9tica con borde rectangular, disponible en el sofisticado color Vintage sabbia, es perfecto para a\u00f1adir un toque de elegancia a sus mesas. Este mantel individual est\u00e1 dise\u00f1ado para satisfacer las necesidades de los profesionales de la hosteler\u00eda. Puede personalizarlo con su logotipo, ya sea impreso o en relieve.<\/p>\n","protected":false},"excerpt":{"rendered":"<p>Mantel individual rectangular de bordes afilados en piel sint\u00e9tica, color Vintage sabbia, perfecto para entornos sofisticados.<\/p>\n","protected":false},"featured_media":61996,"template":"","meta":{"_acf_changed":false},"product_brand":[],"product_cat":[1452,1380,1437],"product_tag":[1427],"class_list":{"0":"post-75926","1":"product","2":"type-product","3":"status-publish","4":"has-post-thumbnail","6":"product_cat-borde-rectangular","7":"product_cat-manteles-individuales","8":"product_cat-manteles-individuales-de-formas-clasicas","9":"product_tag-arena-aneja","10":"pa_colore-arena-aneja","11":"pa_forma-tovaglietta-borde-rectangular","13":"first","14":"instock","15":"purchasable","16":"product-type-simple"},"acf":[],"_links":{"self":[{"href":"https:\/\/wosde.it\/es\/wp-json\/wp\/v2\/product\/75926","targetHints":{"allow":["GET"]}}],"collection":[{"href":"https:\/\/wosde.it\/es\/wp-json\/wp\/v2\/product"}],"about":[{"href":"https:\/\/wosde.it\/es\/wp-json\/wp\/v2\/types\/product"}],"wp:featuredmedia":[{"embeddable":true,"href":"https:\/\/wosde.it\/es\/wp-json\/wp\/v2\/media\/61996"}],"wp:attachment":[{"href":"https:\/\/wosde.it\/es\/wp-json\/wp\/v2\/media?parent=75926"}],"wp:term":[{"taxonomy":"product_brand","embeddable":true,"href":"https:\/\/wosde.it\/es\/wp-json\/wp\/v2\/product_brand?post=75926"},{"taxonomy":"product_cat","embeddable":true,"href":"https:\/\/wosde.it\/es\/wp-json\/wp\/v2\/product_cat?post=75926"},{"taxonomy":"product_tag","embeddable":true,"href":"https:\/\/wosde.it\/es\/wp-json\/wp\/v2\/product_tag?post=75926"}],"curies":[{"name":"wp","href":"https:\/\/api.w.org\/{rel}","templated":true}]}}