{"id":75872,"date":"2024-10-08T10:13:51","date_gmt":"2024-10-08T08:13:51","guid":{"rendered":"https:\/\/wosde.it\/mantel-individual-rectangular-con-borde-de-peltre-metalico\/"},"modified":"2026-03-19T16:54:02","modified_gmt":"2026-03-19T15:54:02","slug":"mantel-individual-rectangular-con-borde-de-peltre-metalico","status":"publish","type":"product","link":"https:\/\/wosde.it\/es\/mantel-individual-rectangular-con-borde-de-peltre-metalico\/","title":{"rendered":"Mantel individual rectangular con bordo Metal peltro"},"content":{"rendered":"<p>El mantel individual rectangular con borde de piel sint\u00e9tica, disponible en el sofisticado color peltro met\u00e1lico, es perfecto para a\u00f1adir un toque de elegancia a sus mesas. Este mantel individual est\u00e1 dise\u00f1ado para satisfacer las necesidades de los profesionales de la hosteler\u00eda. Puede personalizarlo con su logotipo, ya sea impreso o en relieve.<\/p>\n","protected":false},"excerpt":{"rendered":"<p>Mantel individual rectangular de bordes afilados en piel sint\u00e9tica, color Metal peltro, perfecto para entornos sofisticados.<\/p>\n","protected":false},"featured_media":61964,"template":"","meta":{"_acf_changed":false},"product_brand":[],"product_cat":[1452,1380,1437],"product_tag":[1403,1393],"class_list":{"0":"post-75872","1":"product","2":"type-product","3":"status-publish","4":"has-post-thumbnail","6":"product_cat-borde-rectangular","7":"product_cat-manteles-individuales","8":"product_cat-manteles-individuales-de-formas-clasicas","9":"product_tag-agua-aneja","10":"product_tag-estano-metalizado","11":"pa_colore-estano-metalizado","12":"pa_forma-tovaglietta-borde-rectangular","14":"first","15":"instock","16":"purchasable","17":"product-type-simple"},"acf":[],"_links":{"self":[{"href":"https:\/\/wosde.it\/es\/wp-json\/wp\/v2\/product\/75872","targetHints":{"allow":["GET"]}}],"collection":[{"href":"https:\/\/wosde.it\/es\/wp-json\/wp\/v2\/product"}],"about":[{"href":"https:\/\/wosde.it\/es\/wp-json\/wp\/v2\/types\/product"}],"wp:featuredmedia":[{"embeddable":true,"href":"https:\/\/wosde.it\/es\/wp-json\/wp\/v2\/media\/61964"}],"wp:attachment":[{"href":"https:\/\/wosde.it\/es\/wp-json\/wp\/v2\/media?parent=75872"}],"wp:term":[{"taxonomy":"product_brand","embeddable":true,"href":"https:\/\/wosde.it\/es\/wp-json\/wp\/v2\/product_brand?post=75872"},{"taxonomy":"product_cat","embeddable":true,"href":"https:\/\/wosde.it\/es\/wp-json\/wp\/v2\/product_cat?post=75872"},{"taxonomy":"product_tag","embeddable":true,"href":"https:\/\/wosde.it\/es\/wp-json\/wp\/v2\/product_tag?post=75872"}],"curies":[{"name":"wp","href":"https:\/\/api.w.org\/{rel}","templated":true}]}}