{"id":75863,"date":"2024-10-08T10:13:40","date_gmt":"2024-10-08T08:13:40","guid":{"rendered":"https:\/\/wosde.it\/mantel-individual-rectangular-con-borde-de-metal-negro\/"},"modified":"2026-03-19T16:53:06","modified_gmt":"2026-03-19T15:53:06","slug":"mantel-individual-rectangular-con-borde-de-metal-negro","status":"publish","type":"product","link":"https:\/\/wosde.it\/es\/mantel-individual-rectangular-con-borde-de-metal-negro\/","title":{"rendered":"Mantel individual rectangular con borde de Metal nero"},"content":{"rendered":"<p>El mantel individual rectangular con borde de polipiel, disponible en el sofisticado color negro metalizado, es perfecto para a\u00f1adir un toque de elegancia a sus mesas. Este mantel individual est\u00e1 dise\u00f1ado para satisfacer las necesidades de los profesionales de la restauraci\u00f3n. Puede personalizarse con su logotipo, ya sea impreso o en relieve.<\/p>\n","protected":false},"excerpt":{"rendered":"<p>Mantel individual rectangular de bordes afilados en piel sint\u00e9tica, color negro metalizado, perfecto para entornos sofisticados.<\/p>\n","protected":false},"featured_media":61958,"template":"","meta":{"_acf_changed":false},"product_brand":[],"product_cat":[1452,1380,1437],"product_tag":[1403,1387],"class_list":{"0":"post-75863","1":"product","2":"type-product","3":"status-publish","4":"has-post-thumbnail","6":"product_cat-borde-rectangular","7":"product_cat-manteles-individuales","8":"product_cat-manteles-individuales-de-formas-clasicas","9":"product_tag-agua-aneja","10":"product_tag-negro-metalizado","11":"pa_colore-negro-metalizado","12":"pa_forma-tovaglietta-borde-rectangular","14":"first","15":"instock","16":"purchasable","17":"product-type-simple"},"acf":[],"_links":{"self":[{"href":"https:\/\/wosde.it\/es\/wp-json\/wp\/v2\/product\/75863","targetHints":{"allow":["GET"]}}],"collection":[{"href":"https:\/\/wosde.it\/es\/wp-json\/wp\/v2\/product"}],"about":[{"href":"https:\/\/wosde.it\/es\/wp-json\/wp\/v2\/types\/product"}],"wp:featuredmedia":[{"embeddable":true,"href":"https:\/\/wosde.it\/es\/wp-json\/wp\/v2\/media\/61958"}],"wp:attachment":[{"href":"https:\/\/wosde.it\/es\/wp-json\/wp\/v2\/media?parent=75863"}],"wp:term":[{"taxonomy":"product_brand","embeddable":true,"href":"https:\/\/wosde.it\/es\/wp-json\/wp\/v2\/product_brand?post=75863"},{"taxonomy":"product_cat","embeddable":true,"href":"https:\/\/wosde.it\/es\/wp-json\/wp\/v2\/product_cat?post=75863"},{"taxonomy":"product_tag","embeddable":true,"href":"https:\/\/wosde.it\/es\/wp-json\/wp\/v2\/product_tag?post=75863"}],"curies":[{"name":"wp","href":"https:\/\/api.w.org\/{rel}","templated":true}]}}