{"id":75829,"date":"2024-10-08T10:13:04","date_gmt":"2024-10-08T08:13:04","guid":{"rendered":"https:\/\/wosde.it\/mantel-individual-rectangular-vintage-ocean-gourmet\/"},"modified":"2026-03-19T16:52:07","modified_gmt":"2026-03-19T15:52:07","slug":"mantel-individual-rectangular-vintage-ocean-gourmet","status":"publish","type":"product","link":"https:\/\/wosde.it\/es\/mantel-individual-rectangular-vintage-ocean-gourmet\/","title":{"rendered":"Mantel individual rectangular Vintage oceano gourmet"},"content":{"rendered":"<p>El mantel individual rectangular Gourmet de piel sint\u00e9tica, disponible en el sofisticado color Vintage oceano, es perfecto para a\u00f1adir un toque de elegancia a sus mesas. Este mantel individual est\u00e1 dise\u00f1ado para satisfacer las necesidades de los profesionales de la hosteler\u00eda. Puede personalizarlo con su logotipo, ya sea impreso o en relieve.<\/p>\n","protected":false},"excerpt":{"rendered":"<p>Mantel individual rectangular gourmet en piel sint\u00e9tica, color Vintage Ocean, perfecto para entornos sofisticados.<\/p>\n","protected":false},"featured_media":61940,"template":"","meta":{"_acf_changed":false},"product_brand":[],"product_cat":[1450,1380,1437],"product_tag":[1423],"class_list":{"0":"post-75829","1":"product","2":"type-product","3":"status-publish","4":"has-post-thumbnail","6":"product_cat-gourmet-rectangular","7":"product_cat-manteles-individuales","8":"product_cat-manteles-individuales-de-formas-clasicas","9":"product_tag-oceano-anejo","10":"pa_colore-oceano-anejo","11":"pa_forma-tovaglietta-gourmet-rectangular","13":"first","14":"instock","15":"purchasable","16":"product-type-simple"},"acf":[],"_links":{"self":[{"href":"https:\/\/wosde.it\/es\/wp-json\/wp\/v2\/product\/75829","targetHints":{"allow":["GET"]}}],"collection":[{"href":"https:\/\/wosde.it\/es\/wp-json\/wp\/v2\/product"}],"about":[{"href":"https:\/\/wosde.it\/es\/wp-json\/wp\/v2\/types\/product"}],"wp:featuredmedia":[{"embeddable":true,"href":"https:\/\/wosde.it\/es\/wp-json\/wp\/v2\/media\/61940"}],"wp:attachment":[{"href":"https:\/\/wosde.it\/es\/wp-json\/wp\/v2\/media?parent=75829"}],"wp:term":[{"taxonomy":"product_brand","embeddable":true,"href":"https:\/\/wosde.it\/es\/wp-json\/wp\/v2\/product_brand?post=75829"},{"taxonomy":"product_cat","embeddable":true,"href":"https:\/\/wosde.it\/es\/wp-json\/wp\/v2\/product_cat?post=75829"},{"taxonomy":"product_tag","embeddable":true,"href":"https:\/\/wosde.it\/es\/wp-json\/wp\/v2\/product_tag?post=75829"}],"curies":[{"name":"wp","href":"https:\/\/api.w.org\/{rel}","templated":true}]}}