{"id":75826,"date":"2024-10-08T10:13:00","date_gmt":"2024-10-08T08:13:00","guid":{"rendered":"https:\/\/wosde.it\/mantel-individual-rectangular-vintage-gourmet-de-noche\/"},"modified":"2026-03-19T16:52:07","modified_gmt":"2026-03-19T15:52:07","slug":"mantel-individual-rectangular-vintage-gourmet-de-noche","status":"publish","type":"product","link":"https:\/\/wosde.it\/es\/mantel-individual-rectangular-vintage-gourmet-de-noche\/","title":{"rendered":"Mantel individual rectangular vintage gourmet Vintage notte"},"content":{"rendered":"<p>El mantel individual rectangular Gourmet de piel sint\u00e9tica, disponible en el sofisticado color Vintage Night, es perfecto para a\u00f1adir un toque de elegancia a sus mesas. Este mantel individual est\u00e1 dise\u00f1ado para satisfacer las necesidades de los profesionales de la hosteler\u00eda. Puede personalizarlo con su logotipo, ya sea impreso o en relieve.<\/p>\n","protected":false},"excerpt":{"rendered":"<p>Mantel Individual Rectangular Gourmet en Piel Sint\u00e9tica, Color Vintage notte, Perfecto para Ambientes Sofisticados.<\/p>\n","protected":false},"featured_media":61938,"template":"","meta":{"_acf_changed":false},"product_brand":[],"product_cat":[1450,1380,1437],"product_tag":[1421],"class_list":{"0":"post-75826","1":"product","2":"type-product","3":"status-publish","4":"has-post-thumbnail","6":"product_cat-gourmet-rectangular","7":"product_cat-manteles-individuales","8":"product_cat-manteles-individuales-de-formas-clasicas","9":"product_tag-noche-aneja","10":"pa_colore-noche-aneja","11":"pa_forma-tovaglietta-gourmet-rectangular","13":"first","14":"instock","15":"purchasable","16":"product-type-simple"},"acf":[],"_links":{"self":[{"href":"https:\/\/wosde.it\/es\/wp-json\/wp\/v2\/product\/75826","targetHints":{"allow":["GET"]}}],"collection":[{"href":"https:\/\/wosde.it\/es\/wp-json\/wp\/v2\/product"}],"about":[{"href":"https:\/\/wosde.it\/es\/wp-json\/wp\/v2\/types\/product"}],"wp:featuredmedia":[{"embeddable":true,"href":"https:\/\/wosde.it\/es\/wp-json\/wp\/v2\/media\/61938"}],"wp:attachment":[{"href":"https:\/\/wosde.it\/es\/wp-json\/wp\/v2\/media?parent=75826"}],"wp:term":[{"taxonomy":"product_brand","embeddable":true,"href":"https:\/\/wosde.it\/es\/wp-json\/wp\/v2\/product_brand?post=75826"},{"taxonomy":"product_cat","embeddable":true,"href":"https:\/\/wosde.it\/es\/wp-json\/wp\/v2\/product_cat?post=75826"},{"taxonomy":"product_tag","embeddable":true,"href":"https:\/\/wosde.it\/es\/wp-json\/wp\/v2\/product_tag?post=75826"}],"curies":[{"name":"wp","href":"https:\/\/api.w.org\/{rel}","templated":true}]}}