{"id":75793,"date":"2024-10-08T10:12:17","date_gmt":"2024-10-08T08:12:17","guid":{"rendered":"https:\/\/wosde.it\/mantel-individual-rectangular-de-metal-gourmet-verde-claro\/"},"modified":"2026-03-19T16:51:09","modified_gmt":"2026-03-19T15:51:09","slug":"mantel-individual-rectangular-de-metal-gourmet-verde-claro","status":"publish","type":"product","link":"https:\/\/wosde.it\/es\/mantel-individual-rectangular-de-metal-gourmet-verde-claro\/","title":{"rendered":"Mantel individual rectangular Metal verde chiaro gourmet"},"content":{"rendered":"<p>El mantel individual rectangular Gourmet de piel sint\u00e9tica, disponible en el sofisticado color verde claro metalizado, es perfecto para a\u00f1adir un toque de elegancia a sus mesas. Este mantel individual est\u00e1 dise\u00f1ado para satisfacer las necesidades de los profesionales de la hosteler\u00eda. Puede personalizarlo con su logotipo, ya sea impreso o en relieve.<\/p>\n","protected":false},"excerpt":{"rendered":"<p>Mantel Individual Rectangular Gourmet en Piel Sint\u00e9tica, Color Verde Claro Metal, Perfecto para Ambientes Sofisticados.<\/p>\n","protected":false},"featured_media":61918,"template":"","meta":{"_acf_changed":false},"product_brand":[],"product_cat":[1450,1380,1437],"product_tag":[1403,1399],"class_list":{"0":"post-75793","1":"product","2":"type-product","3":"status-publish","4":"has-post-thumbnail","6":"product_cat-gourmet-rectangular","7":"product_cat-manteles-individuales","8":"product_cat-manteles-individuales-de-formas-clasicas","9":"product_tag-agua-aneja","10":"product_tag-verde-claro-metalizado","11":"pa_colore-verde-claro-metalizado","12":"pa_forma-tovaglietta-gourmet-rectangular","14":"first","15":"instock","16":"purchasable","17":"product-type-simple"},"acf":[],"_links":{"self":[{"href":"https:\/\/wosde.it\/es\/wp-json\/wp\/v2\/product\/75793","targetHints":{"allow":["GET"]}}],"collection":[{"href":"https:\/\/wosde.it\/es\/wp-json\/wp\/v2\/product"}],"about":[{"href":"https:\/\/wosde.it\/es\/wp-json\/wp\/v2\/types\/product"}],"wp:featuredmedia":[{"embeddable":true,"href":"https:\/\/wosde.it\/es\/wp-json\/wp\/v2\/media\/61918"}],"wp:attachment":[{"href":"https:\/\/wosde.it\/es\/wp-json\/wp\/v2\/media?parent=75793"}],"wp:term":[{"taxonomy":"product_brand","embeddable":true,"href":"https:\/\/wosde.it\/es\/wp-json\/wp\/v2\/product_brand?post=75793"},{"taxonomy":"product_cat","embeddable":true,"href":"https:\/\/wosde.it\/es\/wp-json\/wp\/v2\/product_cat?post=75793"},{"taxonomy":"product_tag","embeddable":true,"href":"https:\/\/wosde.it\/es\/wp-json\/wp\/v2\/product_tag?post=75793"}],"curies":[{"name":"wp","href":"https:\/\/api.w.org\/{rel}","templated":true}]}}