{"id":75766,"date":"2024-10-08T10:11:42","date_gmt":"2024-10-08T08:11:42","guid":{"rendered":"https:\/\/wosde.it\/mantel-individual-rectangular-clasico-vintage-de-la-tierra\/"},"modified":"2026-03-19T16:50:10","modified_gmt":"2026-03-19T15:50:10","slug":"mantel-individual-rectangular-clasico-vintage-de-la-tierra","status":"publish","type":"product","link":"https:\/\/wosde.it\/es\/mantel-individual-rectangular-clasico-vintage-de-la-tierra\/","title":{"rendered":"Mantel individual rectangular cl\u00e1sico Vintage terra"},"content":{"rendered":"<p>El mantel individual rectangular cl\u00e1sico de piel sint\u00e9tica, disponible en el sofisticado color Vintage terra, es perfecto para a\u00f1adir un toque de elegancia a sus mesas. Este mantel individual est\u00e1 dise\u00f1ado para satisfacer las necesidades de los profesionales de la hosteler\u00eda. Puede personalizarlo con su logotipo, ya sea impreso o en relieve.<\/p>\n","protected":false},"excerpt":{"rendered":"<p>Mantel individual rectangular cl\u00e1sico en piel sint\u00e9tica, color Vintage terra, perfecto para entornos sofisticados.<\/p>\n","protected":false},"featured_media":61900,"template":"","meta":{"_acf_changed":false},"product_brand":[],"product_cat":[1449,1380,1437],"product_tag":[1435],"class_list":{"0":"post-75766","1":"product","2":"type-product","3":"status-publish","4":"has-post-thumbnail","6":"product_cat-clasico-rectangular","7":"product_cat-manteles-individuales","8":"product_cat-manteles-individuales-de-formas-clasicas","9":"product_tag-tierra-aneja","10":"pa_colore-tierra-aneja","11":"pa_forma-tovaglietta-clasico-rectangular","13":"first","14":"instock","15":"purchasable","16":"product-type-simple"},"acf":[],"_links":{"self":[{"href":"https:\/\/wosde.it\/es\/wp-json\/wp\/v2\/product\/75766","targetHints":{"allow":["GET"]}}],"collection":[{"href":"https:\/\/wosde.it\/es\/wp-json\/wp\/v2\/product"}],"about":[{"href":"https:\/\/wosde.it\/es\/wp-json\/wp\/v2\/types\/product"}],"wp:featuredmedia":[{"embeddable":true,"href":"https:\/\/wosde.it\/es\/wp-json\/wp\/v2\/media\/61900"}],"wp:attachment":[{"href":"https:\/\/wosde.it\/es\/wp-json\/wp\/v2\/media?parent=75766"}],"wp:term":[{"taxonomy":"product_brand","embeddable":true,"href":"https:\/\/wosde.it\/es\/wp-json\/wp\/v2\/product_brand?post=75766"},{"taxonomy":"product_cat","embeddable":true,"href":"https:\/\/wosde.it\/es\/wp-json\/wp\/v2\/product_cat?post=75766"},{"taxonomy":"product_tag","embeddable":true,"href":"https:\/\/wosde.it\/es\/wp-json\/wp\/v2\/product_tag?post=75766"}],"curies":[{"name":"wp","href":"https:\/\/api.w.org\/{rel}","templated":true}]}}