{"id":75724,"date":"2024-10-08T10:10:44","date_gmt":"2024-10-08T08:10:44","guid":{"rendered":"https:\/\/wosde.it\/mantel-individual-rectangular-clasico-vintage-barrique\/"},"modified":"2026-03-19T16:49:09","modified_gmt":"2026-03-19T15:49:09","slug":"mantel-individual-rectangular-clasico-vintage-barrique","status":"publish","type":"product","link":"https:\/\/wosde.it\/es\/mantel-individual-rectangular-clasico-vintage-barrique\/","title":{"rendered":"Mantel individual rectangular cl\u00e1sico Vintage Barrique"},"content":{"rendered":"<p>El mantel individual rectangular cl\u00e1sico de piel sint\u00e9tica, disponible en el sofisticado color Vintage Barrique, es perfecto para a\u00f1adir un toque de elegancia a sus mesas. Este mantel individual est\u00e1 dise\u00f1ado para satisfacer las necesidades de los profesionales de la hosteler\u00eda. Puede personalizarse con su logotipo, ya sea impreso o en relieve.<\/p>\n","protected":false},"excerpt":{"rendered":"<p>Mantel individual rectangular cl\u00e1sico en piel sint\u00e9tica, color vintage barrique, perfecto para entornos sofisticados.<\/p>\n","protected":false},"featured_media":61874,"template":"","meta":{"_acf_changed":false},"product_brand":[],"product_cat":[1449,1380,1437],"product_tag":[1407],"class_list":{"0":"post-75724","1":"product","2":"type-product","3":"status-publish","4":"has-post-thumbnail","6":"product_cat-clasico-rectangular","7":"product_cat-manteles-individuales","8":"product_cat-manteles-individuales-de-formas-clasicas","9":"product_tag-barril-anejo","10":"pa_colore-barril-anejo","11":"pa_forma-tovaglietta-clasico-rectangular","13":"first","14":"instock","15":"purchasable","16":"product-type-simple"},"acf":[],"_links":{"self":[{"href":"https:\/\/wosde.it\/es\/wp-json\/wp\/v2\/product\/75724","targetHints":{"allow":["GET"]}}],"collection":[{"href":"https:\/\/wosde.it\/es\/wp-json\/wp\/v2\/product"}],"about":[{"href":"https:\/\/wosde.it\/es\/wp-json\/wp\/v2\/types\/product"}],"wp:featuredmedia":[{"embeddable":true,"href":"https:\/\/wosde.it\/es\/wp-json\/wp\/v2\/media\/61874"}],"wp:attachment":[{"href":"https:\/\/wosde.it\/es\/wp-json\/wp\/v2\/media?parent=75724"}],"wp:term":[{"taxonomy":"product_brand","embeddable":true,"href":"https:\/\/wosde.it\/es\/wp-json\/wp\/v2\/product_brand?post=75724"},{"taxonomy":"product_cat","embeddable":true,"href":"https:\/\/wosde.it\/es\/wp-json\/wp\/v2\/product_cat?post=75724"},{"taxonomy":"product_tag","embeddable":true,"href":"https:\/\/wosde.it\/es\/wp-json\/wp\/v2\/product_tag?post=75724"}],"curies":[{"name":"wp","href":"https:\/\/api.w.org\/{rel}","templated":true}]}}