{"id":75619,"date":"2024-10-08T10:08:23","date_gmt":"2024-10-08T08:08:23","guid":{"rendered":"https:\/\/wosde.it\/mantel-individual-cuadrado-de-oxido-de-metal\/"},"modified":"2026-03-19T16:45:14","modified_gmt":"2026-03-19T15:45:14","slug":"mantel-individual-cuadrado-de-oxido-de-metal","status":"publish","type":"product","link":"https:\/\/wosde.it\/es\/mantel-individual-cuadrado-de-oxido-de-metal\/","title":{"rendered":"Mantel individual cuadrado de Metal ossido"},"content":{"rendered":"<p>El mantel individual cuadrado de polipiel, disponible en el sofisticado color Metal ossido, es perfecto para a\u00f1adir un toque de elegancia a sus mesas. Este mantel individual est\u00e1 dise\u00f1ado para satisfacer las necesidades de los profesionales de la hosteler\u00eda. Puede personalizarse con su logotipo, ya sea impreso o en relieve.<\/p>\n","protected":false},"excerpt":{"rendered":"<p>Mantel individual cuadrado en piel sint\u00e9tica, color Metal ossido, perfecto para entornos sofisticados.<\/p>\n","protected":false},"featured_media":61806,"template":"","meta":{"_acf_changed":false},"product_brand":[],"product_cat":[1447,1380,1437],"product_tag":[1403,1391],"class_list":{"0":"post-75619","1":"product","2":"type-product","3":"status-publish","4":"has-post-thumbnail","6":"product_cat-cuadrado","7":"product_cat-manteles-individuales","8":"product_cat-manteles-individuales-de-formas-clasicas","9":"product_tag-agua-aneja","10":"product_tag-oxido-metalizado","11":"pa_colore-oxido-metalizado","12":"pa_forma-tovaglietta-cuadrado","14":"first","15":"instock","16":"purchasable","17":"product-type-simple"},"acf":[],"_links":{"self":[{"href":"https:\/\/wosde.it\/es\/wp-json\/wp\/v2\/product\/75619","targetHints":{"allow":["GET"]}}],"collection":[{"href":"https:\/\/wosde.it\/es\/wp-json\/wp\/v2\/product"}],"about":[{"href":"https:\/\/wosde.it\/es\/wp-json\/wp\/v2\/types\/product"}],"wp:featuredmedia":[{"embeddable":true,"href":"https:\/\/wosde.it\/es\/wp-json\/wp\/v2\/media\/61806"}],"wp:attachment":[{"href":"https:\/\/wosde.it\/es\/wp-json\/wp\/v2\/media?parent=75619"}],"wp:term":[{"taxonomy":"product_brand","embeddable":true,"href":"https:\/\/wosde.it\/es\/wp-json\/wp\/v2\/product_brand?post=75619"},{"taxonomy":"product_cat","embeddable":true,"href":"https:\/\/wosde.it\/es\/wp-json\/wp\/v2\/product_cat?post=75619"},{"taxonomy":"product_tag","embeddable":true,"href":"https:\/\/wosde.it\/es\/wp-json\/wp\/v2\/product_tag?post=75619"}],"curies":[{"name":"wp","href":"https:\/\/api.w.org\/{rel}","templated":true}]}}