{"id":75589,"date":"2024-10-08T10:07:42","date_gmt":"2024-10-08T08:07:42","guid":{"rendered":"https:\/\/wosde.it\/mantel-individual-vintage-ovalado-de-roca\/"},"modified":"2026-03-19T16:44:11","modified_gmt":"2026-03-19T15:44:11","slug":"mantel-individual-vintage-ovalado-de-roca","status":"publish","type":"product","link":"https:\/\/wosde.it\/es\/mantel-individual-vintage-ovalado-de-roca\/","title":{"rendered":"Mantel individual ovale Vintage roccia"},"content":{"rendered":"<p>El mantel individual ovalado de piel sint\u00e9tica, disponible en el sofisticado color Vintage roccia, es perfecto para a\u00f1adir un toque de elegancia a sus mesas. Este mantel individual est\u00e1 dise\u00f1ado para satisfacer las necesidades de los profesionales de la hosteler\u00eda. Puede personalizarlo con su logotipo, ya sea impreso o en relieve.<\/p>\n","protected":false},"excerpt":{"rendered":"<p>Mantel individual ovalado en piel sint\u00e9tica, color Vintage roccia, perfecto para entornos sofisticados.<\/p>\n","protected":false},"featured_media":61786,"template":"","meta":{"_acf_changed":false},"product_brand":[],"product_cat":[1380,1440,1444],"product_tag":[1425],"class_list":{"0":"post-75589","1":"product","2":"type-product","3":"status-publish","4":"has-post-thumbnail","6":"product_cat-manteles-individuales","7":"product_cat-manteles-individuales-de-formas-suaves","8":"product_cat-ovalado","9":"product_tag-roca-aneja","10":"pa_colore-roca-aneja","11":"pa_forma-tovaglietta-ovalado","13":"first","14":"instock","15":"purchasable","16":"product-type-simple"},"acf":[],"_links":{"self":[{"href":"https:\/\/wosde.it\/es\/wp-json\/wp\/v2\/product\/75589","targetHints":{"allow":["GET"]}}],"collection":[{"href":"https:\/\/wosde.it\/es\/wp-json\/wp\/v2\/product"}],"about":[{"href":"https:\/\/wosde.it\/es\/wp-json\/wp\/v2\/types\/product"}],"wp:featuredmedia":[{"embeddable":true,"href":"https:\/\/wosde.it\/es\/wp-json\/wp\/v2\/media\/61786"}],"wp:attachment":[{"href":"https:\/\/wosde.it\/es\/wp-json\/wp\/v2\/media?parent=75589"}],"wp:term":[{"taxonomy":"product_brand","embeddable":true,"href":"https:\/\/wosde.it\/es\/wp-json\/wp\/v2\/product_brand?post=75589"},{"taxonomy":"product_cat","embeddable":true,"href":"https:\/\/wosde.it\/es\/wp-json\/wp\/v2\/product_cat?post=75589"},{"taxonomy":"product_tag","embeddable":true,"href":"https:\/\/wosde.it\/es\/wp-json\/wp\/v2\/product_tag?post=75589"}],"curies":[{"name":"wp","href":"https:\/\/api.w.org\/{rel}","templated":true}]}}