{"id":75562,"date":"2024-10-08T10:07:04","date_gmt":"2024-10-08T08:07:04","guid":{"rendered":"https:\/\/wosde.it\/mantel-individual-ovalado-de-barrica-vintage\/"},"modified":"2026-03-19T16:44:09","modified_gmt":"2026-03-19T15:44:09","slug":"mantel-individual-ovalado-de-barrica-vintage","status":"publish","type":"product","link":"https:\/\/wosde.it\/es\/mantel-individual-ovalado-de-barrica-vintage\/","title":{"rendered":"Mantel individual ovalado de Vintage barrique"},"content":{"rendered":"<p>El mantel individual ovalado de polipiel, disponible en el sofisticado color Vintage Barrique, es perfecto para a\u00f1adir un toque de elegancia a sus mesas. Este mantel individual est\u00e1 dise\u00f1ado para satisfacer las necesidades de los profesionales de la restauraci\u00f3n. Puede personalizarse con su logotipo, ya sea impreso o en relieve.<\/p>\n","protected":false},"excerpt":{"rendered":"<p>Mantel individual ovalado en piel sint\u00e9tica, color Vintage Barrique, perfecto para entornos sofisticados.<\/p>\n","protected":false},"featured_media":61770,"template":"","meta":{"_acf_changed":false},"product_brand":[],"product_cat":[1380,1440,1444],"product_tag":[1407],"class_list":{"0":"post-75562","1":"product","2":"type-product","3":"status-publish","4":"has-post-thumbnail","6":"product_cat-manteles-individuales","7":"product_cat-manteles-individuales-de-formas-suaves","8":"product_cat-ovalado","9":"product_tag-barril-anejo","10":"pa_colore-barril-anejo","11":"pa_forma-tovaglietta-ovalado","13":"first","14":"instock","15":"purchasable","16":"product-type-simple"},"acf":[],"_links":{"self":[{"href":"https:\/\/wosde.it\/es\/wp-json\/wp\/v2\/product\/75562","targetHints":{"allow":["GET"]}}],"collection":[{"href":"https:\/\/wosde.it\/es\/wp-json\/wp\/v2\/product"}],"about":[{"href":"https:\/\/wosde.it\/es\/wp-json\/wp\/v2\/types\/product"}],"wp:featuredmedia":[{"embeddable":true,"href":"https:\/\/wosde.it\/es\/wp-json\/wp\/v2\/media\/61770"}],"wp:attachment":[{"href":"https:\/\/wosde.it\/es\/wp-json\/wp\/v2\/media?parent=75562"}],"wp:term":[{"taxonomy":"product_brand","embeddable":true,"href":"https:\/\/wosde.it\/es\/wp-json\/wp\/v2\/product_brand?post=75562"},{"taxonomy":"product_cat","embeddable":true,"href":"https:\/\/wosde.it\/es\/wp-json\/wp\/v2\/product_cat?post=75562"},{"taxonomy":"product_tag","embeddable":true,"href":"https:\/\/wosde.it\/es\/wp-json\/wp\/v2\/product_tag?post=75562"}],"curies":[{"name":"wp","href":"https:\/\/api.w.org\/{rel}","templated":true}]}}