{"id":75553,"date":"2024-10-08T10:06:52","date_gmt":"2024-10-08T08:06:52","guid":{"rendered":"https:\/\/wosde.it\/mantel-individual-ovalado-de-metal-verde-bosque\/"},"modified":"2026-03-19T16:43:12","modified_gmt":"2026-03-19T15:43:12","slug":"mantel-individual-ovalado-de-metal-verde-bosque","status":"publish","type":"product","link":"https:\/\/wosde.it\/es\/mantel-individual-ovalado-de-metal-verde-bosque\/","title":{"rendered":"Mantel individual ovalado de Metal verde foresta"},"content":{"rendered":"<p>El mantel individual ovalado de piel sint\u00e9tica, disponible en el sofisticado color verde bosque metalizado, es perfecto para a\u00f1adir un toque de elegancia a sus mesas. Este mantel individual est\u00e1 dise\u00f1ado para satisfacer las necesidades de los profesionales de la hosteler\u00eda. Puede personalizarlo con su logotipo, ya sea impreso o en relieve.<\/p>\n","protected":false},"excerpt":{"rendered":"<p>Mantel individual ovalado en piel sint\u00e9tica, color verde bosque metalizado, perfecto para entornos sofisticados.<\/p>\n","protected":false},"featured_media":61764,"template":"","meta":{"_acf_changed":false},"product_brand":[],"product_cat":[1380,1440,1444],"product_tag":[1403,1401],"class_list":{"0":"post-75553","1":"product","2":"type-product","3":"status-publish","4":"has-post-thumbnail","6":"product_cat-manteles-individuales","7":"product_cat-manteles-individuales-de-formas-suaves","8":"product_cat-ovalado","9":"product_tag-agua-aneja","10":"product_tag-verde-bosque-metalizado","11":"pa_colore-verde-bosque-metalizado","12":"pa_forma-tovaglietta-ovalado","14":"first","15":"instock","16":"purchasable","17":"product-type-simple"},"acf":[],"_links":{"self":[{"href":"https:\/\/wosde.it\/es\/wp-json\/wp\/v2\/product\/75553","targetHints":{"allow":["GET"]}}],"collection":[{"href":"https:\/\/wosde.it\/es\/wp-json\/wp\/v2\/product"}],"about":[{"href":"https:\/\/wosde.it\/es\/wp-json\/wp\/v2\/types\/product"}],"wp:featuredmedia":[{"embeddable":true,"href":"https:\/\/wosde.it\/es\/wp-json\/wp\/v2\/media\/61764"}],"wp:attachment":[{"href":"https:\/\/wosde.it\/es\/wp-json\/wp\/v2\/media?parent=75553"}],"wp:term":[{"taxonomy":"product_brand","embeddable":true,"href":"https:\/\/wosde.it\/es\/wp-json\/wp\/v2\/product_brand?post=75553"},{"taxonomy":"product_cat","embeddable":true,"href":"https:\/\/wosde.it\/es\/wp-json\/wp\/v2\/product_cat?post=75553"},{"taxonomy":"product_tag","embeddable":true,"href":"https:\/\/wosde.it\/es\/wp-json\/wp\/v2\/product_tag?post=75553"}],"curies":[{"name":"wp","href":"https:\/\/api.w.org\/{rel}","templated":true}]}}