{"id":75474,"date":"2024-10-08T10:05:06","date_gmt":"2024-10-08T08:05:06","guid":{"rendered":"https:\/\/wosde.it\/mantel-individual-vintage-con-diseno-de-libro-de-agua\/"},"modified":"2026-03-19T16:41:13","modified_gmt":"2026-03-19T15:41:13","slug":"mantel-individual-vintage-con-diseno-de-libro-de-agua","status":"publish","type":"product","link":"https:\/\/wosde.it\/es\/mantel-individual-vintage-con-diseno-de-libro-de-agua\/","title":{"rendered":"Mantel individual vintage con dise\u00f1o de libro Vintage acqua"},"content":{"rendered":"<p>El mantel individual Book de piel sint\u00e9tica, disponible en el sofisticado color aguamarina Vintage, es perfecto para a\u00f1adir un toque de elegancia a sus mesas. Este mantel individual est\u00e1 dise\u00f1ado para satisfacer las necesidades de los profesionales de la hosteler\u00eda. Puede personalizarse con su logotipo, ya sea impreso o en relieve.<\/p>\n","protected":false},"excerpt":{"rendered":"<p>Mantel individual en forma de libro en piel sint\u00e9tica, color Vintage Water, perfecto para ambientes sofisticados.<\/p>\n","protected":false},"featured_media":61714,"template":"","meta":{"_acf_changed":false},"product_brand":[],"product_cat":[1442,1380,1381],"product_tag":[1403],"class_list":{"0":"post-75474","1":"product","2":"type-product","3":"status-publish","4":"has-post-thumbnail","6":"product_cat-libro","7":"product_cat-manteles-individuales","8":"product_cat-manteles-individuales-de-formas-contemporaneas","9":"product_tag-agua-aneja","10":"pa_colore-agua-aneja","11":"pa_forma-tovaglietta-libro","13":"first","14":"instock","15":"purchasable","16":"product-type-simple"},"acf":[],"_links":{"self":[{"href":"https:\/\/wosde.it\/es\/wp-json\/wp\/v2\/product\/75474","targetHints":{"allow":["GET"]}}],"collection":[{"href":"https:\/\/wosde.it\/es\/wp-json\/wp\/v2\/product"}],"about":[{"href":"https:\/\/wosde.it\/es\/wp-json\/wp\/v2\/types\/product"}],"wp:featuredmedia":[{"embeddable":true,"href":"https:\/\/wosde.it\/es\/wp-json\/wp\/v2\/media\/61714"}],"wp:attachment":[{"href":"https:\/\/wosde.it\/es\/wp-json\/wp\/v2\/media?parent=75474"}],"wp:term":[{"taxonomy":"product_brand","embeddable":true,"href":"https:\/\/wosde.it\/es\/wp-json\/wp\/v2\/product_brand?post=75474"},{"taxonomy":"product_cat","embeddable":true,"href":"https:\/\/wosde.it\/es\/wp-json\/wp\/v2\/product_cat?post=75474"},{"taxonomy":"product_tag","embeddable":true,"href":"https:\/\/wosde.it\/es\/wp-json\/wp\/v2\/product_tag?post=75474"}],"curies":[{"name":"wp","href":"https:\/\/api.w.org\/{rel}","templated":true}]}}