{"id":75468,"date":"2024-10-08T10:04:57","date_gmt":"2024-10-08T08:04:57","guid":{"rendered":"https:\/\/wosde.it\/mantel-individual-de-metal-verde-claro-con-forma-de-libro\/"},"modified":"2026-03-19T16:40:18","modified_gmt":"2026-03-19T15:40:18","slug":"mantel-individual-de-metal-verde-claro-con-forma-de-libro","status":"publish","type":"product","link":"https:\/\/wosde.it\/es\/mantel-individual-de-metal-verde-claro-con-forma-de-libro\/","title":{"rendered":"Mantel individual de Metal verde chiaro con forma de libro"},"content":{"rendered":"<p>El mantel individual Book de piel sint\u00e9tica, disponible en el sofisticado color verde claro metalizado, es perfecto para a\u00f1adir un toque de elegancia a sus mesas. Este mantel individual est\u00e1 dise\u00f1ado para satisfacer las necesidades de los profesionales de la hosteler\u00eda. Puede personalizarse con su logotipo, ya sea impreso o en relieve.<\/p>\n","protected":false},"excerpt":{"rendered":"<p>Mantel individual en forma de libro en piel sint\u00e9tica, color verde claro metalizado, perfecto para ambientes sofisticados.<\/p>\n","protected":false},"featured_media":61710,"template":"","meta":{"_acf_changed":false},"product_brand":[],"product_cat":[1442,1380,1381],"product_tag":[1403,1399],"class_list":{"0":"post-75468","1":"product","2":"type-product","3":"status-publish","4":"has-post-thumbnail","6":"product_cat-libro","7":"product_cat-manteles-individuales","8":"product_cat-manteles-individuales-de-formas-contemporaneas","9":"product_tag-agua-aneja","10":"product_tag-verde-claro-metalizado","11":"pa_colore-verde-claro-metalizado","12":"pa_forma-tovaglietta-libro","14":"first","15":"instock","16":"purchasable","17":"product-type-simple"},"acf":[],"_links":{"self":[{"href":"https:\/\/wosde.it\/es\/wp-json\/wp\/v2\/product\/75468","targetHints":{"allow":["GET"]}}],"collection":[{"href":"https:\/\/wosde.it\/es\/wp-json\/wp\/v2\/product"}],"about":[{"href":"https:\/\/wosde.it\/es\/wp-json\/wp\/v2\/types\/product"}],"wp:featuredmedia":[{"embeddable":true,"href":"https:\/\/wosde.it\/es\/wp-json\/wp\/v2\/media\/61710"}],"wp:attachment":[{"href":"https:\/\/wosde.it\/es\/wp-json\/wp\/v2\/media?parent=75468"}],"wp:term":[{"taxonomy":"product_brand","embeddable":true,"href":"https:\/\/wosde.it\/es\/wp-json\/wp\/v2\/product_brand?post=75468"},{"taxonomy":"product_cat","embeddable":true,"href":"https:\/\/wosde.it\/es\/wp-json\/wp\/v2\/product_cat?post=75468"},{"taxonomy":"product_tag","embeddable":true,"href":"https:\/\/wosde.it\/es\/wp-json\/wp\/v2\/product_tag?post=75468"}],"curies":[{"name":"wp","href":"https:\/\/api.w.org\/{rel}","templated":true}]}}