{"id":75270,"date":"2024-10-08T10:00:22","date_gmt":"2024-10-08T08:00:22","guid":{"rendered":"https:\/\/wosde.it\/mantel-individual-arch-vintage-sage\/"},"modified":"2026-03-19T16:34:21","modified_gmt":"2026-03-19T15:34:21","slug":"mantel-individual-arch-vintage-sage","status":"publish","type":"product","link":"https:\/\/wosde.it\/es\/mantel-individual-arch-vintage-sage\/","title":{"rendered":"Mantel individual Arco Vintage salvia"},"content":{"rendered":"<p>El mantel individual Arch de piel sint\u00e9tica, disponible en el sofisticado color Vintage salvia, es perfecto para a\u00f1adir un toque de elegancia a sus mesas. Este mantel individual est\u00e1 dise\u00f1ado para satisfacer las necesidades de los profesionales de la hosteler\u00eda. Puede personalizarlo con su logotipo, ya sea impreso o en relieve.<\/p>\n","protected":false},"excerpt":{"rendered":"<p>Mantel individual arqueado en piel sint\u00e9tica, color Vintage salvia, perfecto para entornos sofisticados.<\/p>\n","protected":false},"featured_media":61584,"template":"","meta":{"_acf_changed":false},"product_brand":[],"product_cat":[1382,1380,1381],"product_tag":[1431],"class_list":{"0":"post-75270","1":"product","2":"type-product","3":"status-publish","4":"has-post-thumbnail","6":"product_cat-arco","7":"product_cat-manteles-individuales","8":"product_cat-manteles-individuales-de-formas-contemporaneas","9":"product_tag-salvia-aneja","10":"pa_colore-salvia-aneja","11":"pa_forma-tovaglietta-arco","13":"first","14":"instock","15":"purchasable","16":"product-type-simple"},"acf":[],"_links":{"self":[{"href":"https:\/\/wosde.it\/es\/wp-json\/wp\/v2\/product\/75270","targetHints":{"allow":["GET"]}}],"collection":[{"href":"https:\/\/wosde.it\/es\/wp-json\/wp\/v2\/product"}],"about":[{"href":"https:\/\/wosde.it\/es\/wp-json\/wp\/v2\/types\/product"}],"wp:featuredmedia":[{"embeddable":true,"href":"https:\/\/wosde.it\/es\/wp-json\/wp\/v2\/media\/61584"}],"wp:attachment":[{"href":"https:\/\/wosde.it\/es\/wp-json\/wp\/v2\/media?parent=75270"}],"wp:term":[{"taxonomy":"product_brand","embeddable":true,"href":"https:\/\/wosde.it\/es\/wp-json\/wp\/v2\/product_brand?post=75270"},{"taxonomy":"product_cat","embeddable":true,"href":"https:\/\/wosde.it\/es\/wp-json\/wp\/v2\/product_cat?post=75270"},{"taxonomy":"product_tag","embeddable":true,"href":"https:\/\/wosde.it\/es\/wp-json\/wp\/v2\/product_tag?post=75270"}],"curies":[{"name":"wp","href":"https:\/\/api.w.org\/{rel}","templated":true}]}}