{"id":75222,"date":"2024-10-08T09:59:16","date_gmt":"2024-10-08T07:59:16","guid":{"rendered":"https:\/\/wosde.it\/mantel-individual-de-metal-con-arco-verde-claro\/"},"modified":"2026-03-19T16:32:15","modified_gmt":"2026-03-19T15:32:15","slug":"mantel-individual-de-metal-con-arco-verde-claro","status":"publish","type":"product","link":"https:\/\/wosde.it\/es\/mantel-individual-de-metal-con-arco-verde-claro\/","title":{"rendered":"Mantel individual Arco Metal verde chiaro"},"content":{"rendered":"<p>El mantel individual Arch de piel sint\u00e9tica, disponible en el sofisticado color verde claro Metal, es perfecto para a\u00f1adir un toque de elegancia a sus mesas. Este mantel individual est\u00e1 dise\u00f1ado para satisfacer las necesidades de los profesionales de la hosteler\u00eda. Puede personalizarse con su logotipo, ya sea impreso o en relieve.<\/p>\n","protected":false},"excerpt":{"rendered":"<p>Mantel individual arqueado en piel sint\u00e9tica, color verde claro metalizado, perfecto para entornos sofisticados.<\/p>\n","protected":false},"featured_media":61554,"template":"","meta":{"_acf_changed":false},"product_brand":[],"product_cat":[1382,1380,1381],"product_tag":[1383,1399],"class_list":{"0":"post-75222","1":"product","2":"type-product","3":"status-publish","4":"has-post-thumbnail","6":"product_cat-arco","7":"product_cat-manteles-individuales","8":"product_cat-manteles-individuales-de-formas-contemporaneas","9":"product_tag-azul-metalizado","10":"product_tag-verde-claro-metalizado","11":"pa_colore-verde-claro-metalizado","12":"pa_forma-tovaglietta-arco","14":"first","15":"instock","16":"purchasable","17":"product-type-simple"},"acf":[],"_links":{"self":[{"href":"https:\/\/wosde.it\/es\/wp-json\/wp\/v2\/product\/75222","targetHints":{"allow":["GET"]}}],"collection":[{"href":"https:\/\/wosde.it\/es\/wp-json\/wp\/v2\/product"}],"about":[{"href":"https:\/\/wosde.it\/es\/wp-json\/wp\/v2\/types\/product"}],"wp:featuredmedia":[{"embeddable":true,"href":"https:\/\/wosde.it\/es\/wp-json\/wp\/v2\/media\/61554"}],"wp:attachment":[{"href":"https:\/\/wosde.it\/es\/wp-json\/wp\/v2\/media?parent=75222"}],"wp:term":[{"taxonomy":"product_brand","embeddable":true,"href":"https:\/\/wosde.it\/es\/wp-json\/wp\/v2\/product_brand?post=75222"},{"taxonomy":"product_cat","embeddable":true,"href":"https:\/\/wosde.it\/es\/wp-json\/wp\/v2\/product_cat?post=75222"},{"taxonomy":"product_tag","embeddable":true,"href":"https:\/\/wosde.it\/es\/wp-json\/wp\/v2\/product_tag?post=75222"}],"curies":[{"name":"wp","href":"https:\/\/api.w.org\/{rel}","templated":true}]}}