{"id":75169,"date":"2024-10-24T16:07:42","date_gmt":"2024-10-24T14:07:42","guid":{"rendered":"https:\/\/wosde.it\/menu-con-marco-en-lima-texturizado\/"},"modified":"2026-03-19T16:31:45","modified_gmt":"2026-03-19T15:31:45","slug":"menu-con-marco-en-lima-texturizado","status":"publish","type":"product","link":"https:\/\/wosde.it\/es\/menu-con-marco-en-lima-texturizado\/","title":{"rendered":"Men\u00fa con marco en trama lime"},"content":{"rendered":"<p>Men\u00fa profesional pr\u00e1ctico en formato A4 o A5, con sistema de enmarcado para hojas. Su acabado texturizado en color lima le da un toque elegante y de alta calidad. Este men\u00fa se puede personalizar con un logotipo impreso o en relieve y la impresi\u00f3n personalizada que prefiera.<\/p>\n","protected":false},"excerpt":{"rendered":"<p>Men\u00fa enmarcado en formato A4 o A5 con acabado texturizado en color lima.<\/p>\n","protected":false},"featured_media":62980,"template":"","meta":{"_acf_changed":false},"product_brand":[],"product_cat":[1356,1377],"product_tag":[],"class_list":{"0":"post-75169","1":"product","2":"type-product","3":"status-publish","4":"has-post-thumbnail","6":"product_cat-marco","7":"product_cat-menu-de-wosde","8":"pa_colore-trama-lima","9":"pa_finitura-textura","10":"pa_formato-a4","11":"pa_formato-a5","12":"pa_sistema-di-blocco-marco","14":"first","15":"instock","16":"purchasable","17":"product-type-variable","18":"has-default-attributes"},"acf":[],"_links":{"self":[{"href":"https:\/\/wosde.it\/es\/wp-json\/wp\/v2\/product\/75169","targetHints":{"allow":["GET"]}}],"collection":[{"href":"https:\/\/wosde.it\/es\/wp-json\/wp\/v2\/product"}],"about":[{"href":"https:\/\/wosde.it\/es\/wp-json\/wp\/v2\/types\/product"}],"wp:featuredmedia":[{"embeddable":true,"href":"https:\/\/wosde.it\/es\/wp-json\/wp\/v2\/media\/62980"}],"wp:attachment":[{"href":"https:\/\/wosde.it\/es\/wp-json\/wp\/v2\/media?parent=75169"}],"wp:term":[{"taxonomy":"product_brand","embeddable":true,"href":"https:\/\/wosde.it\/es\/wp-json\/wp\/v2\/product_brand?post=75169"},{"taxonomy":"product_cat","embeddable":true,"href":"https:\/\/wosde.it\/es\/wp-json\/wp\/v2\/product_cat?post=75169"},{"taxonomy":"product_tag","embeddable":true,"href":"https:\/\/wosde.it\/es\/wp-json\/wp\/v2\/product_tag?post=75169"}],"curies":[{"name":"wp","href":"https:\/\/api.w.org\/{rel}","templated":true}]}}