{"id":74845,"date":"2024-10-24T16:07:24","date_gmt":"2024-10-24T14:07:24","guid":{"rendered":"https:\/\/wosde.it\/menu-magnetico-en-rosa-texturizado\/"},"modified":"2026-03-19T16:22:48","modified_gmt":"2026-03-19T15:22:48","slug":"menu-magnetico-en-rosa-texturizado","status":"publish","type":"product","link":"https:\/\/wosde.it\/es\/menu-magnetico-en-rosa-texturizado\/","title":{"rendered":"Men\u00fa magn\u00e9tico en trama rosa"},"content":{"rendered":"<p>Men\u00fa profesional pr\u00e1ctico en formato A4 o A5, con cierre magn\u00e9tico. Su acabado texturizado en color rosa le da un toque elegante y de alta calidad. Este men\u00fa se puede personalizar con un logotipo impreso o en relieve y la impresi\u00f3n personalizada que prefiera.<\/p>\n","protected":false},"excerpt":{"rendered":"<p>Men\u00fa magn\u00e9tico en formato A4 o A5 con acabado texturizado en color rosa.<\/p>\n","protected":false},"featured_media":63132,"template":"","meta":{"_acf_changed":false},"product_brand":[],"product_cat":[1348,1377],"product_tag":[],"class_list":{"0":"post-74845","1":"product","2":"type-product","3":"status-publish","4":"has-post-thumbnail","6":"product_cat-iman","7":"product_cat-menu-de-wosde","8":"pa_colore-trama-rosa","9":"pa_finitura-textura","10":"pa_formato-a4","11":"pa_formato-a5","12":"pa_sistema-di-blocco-iman","14":"first","15":"instock","16":"purchasable","17":"product-type-variable","18":"has-default-attributes"},"acf":[],"_links":{"self":[{"href":"https:\/\/wosde.it\/es\/wp-json\/wp\/v2\/product\/74845","targetHints":{"allow":["GET"]}}],"collection":[{"href":"https:\/\/wosde.it\/es\/wp-json\/wp\/v2\/product"}],"about":[{"href":"https:\/\/wosde.it\/es\/wp-json\/wp\/v2\/types\/product"}],"wp:featuredmedia":[{"embeddable":true,"href":"https:\/\/wosde.it\/es\/wp-json\/wp\/v2\/media\/63132"}],"wp:attachment":[{"href":"https:\/\/wosde.it\/es\/wp-json\/wp\/v2\/media?parent=74845"}],"wp:term":[{"taxonomy":"product_brand","embeddable":true,"href":"https:\/\/wosde.it\/es\/wp-json\/wp\/v2\/product_brand?post=74845"},{"taxonomy":"product_cat","embeddable":true,"href":"https:\/\/wosde.it\/es\/wp-json\/wp\/v2\/product_cat?post=74845"},{"taxonomy":"product_tag","embeddable":true,"href":"https:\/\/wosde.it\/es\/wp-json\/wp\/v2\/product_tag?post=74845"}],"curies":[{"name":"wp","href":"https:\/\/api.w.org\/{rel}","templated":true}]}}