{"id":74785,"date":"2024-10-24T16:07:08","date_gmt":"2024-10-24T14:07:08","guid":{"rendered":"https:\/\/wosde.it\/menu-magnetico-en-azul-texturizado-2\/"},"modified":"2026-03-19T16:21:07","modified_gmt":"2026-03-19T15:21:07","slug":"menu-magnetico-en-azul-texturizado-2","status":"publish","type":"product","link":"https:\/\/wosde.it\/es\/menu-magnetico-en-azul-texturizado-2\/","title":{"rendered":"Men\u00fa magn\u00e9tico en trama azzurro"},"content":{"rendered":"<p>Men\u00fa profesional pr\u00e1ctico en formato A4 o A5, con cierre magn\u00e9tico. Su acabado texturizado en color azul le da un toque elegante y de alta calidad. Este men\u00fa se puede personalizar con un logotipo impreso o en relieve y la impresi\u00f3n que prefiera.<\/p>\n","protected":false},"excerpt":{"rendered":"<p>Men\u00fa magn\u00e9tico en formato A4 o A5 con acabado texturizado en color azul.<\/p>\n","protected":false},"featured_media":63122,"template":"","meta":{"_acf_changed":false},"product_brand":[],"product_cat":[1348,1377],"product_tag":[],"class_list":{"0":"post-74785","1":"product","2":"type-product","3":"status-publish","4":"has-post-thumbnail","6":"product_cat-iman","7":"product_cat-menu-de-wosde","8":"pa_colore-trama-azul","9":"pa_finitura-textura","10":"pa_formato-a4","11":"pa_formato-a5","12":"pa_sistema-di-blocco-iman","14":"first","15":"instock","16":"purchasable","17":"product-type-variable","18":"has-default-attributes"},"acf":[],"_links":{"self":[{"href":"https:\/\/wosde.it\/es\/wp-json\/wp\/v2\/product\/74785","targetHints":{"allow":["GET"]}}],"collection":[{"href":"https:\/\/wosde.it\/es\/wp-json\/wp\/v2\/product"}],"about":[{"href":"https:\/\/wosde.it\/es\/wp-json\/wp\/v2\/types\/product"}],"wp:featuredmedia":[{"embeddable":true,"href":"https:\/\/wosde.it\/es\/wp-json\/wp\/v2\/media\/63122"}],"wp:attachment":[{"href":"https:\/\/wosde.it\/es\/wp-json\/wp\/v2\/media?parent=74785"}],"wp:term":[{"taxonomy":"product_brand","embeddable":true,"href":"https:\/\/wosde.it\/es\/wp-json\/wp\/v2\/product_brand?post=74785"},{"taxonomy":"product_cat","embeddable":true,"href":"https:\/\/wosde.it\/es\/wp-json\/wp\/v2\/product_cat?post=74785"},{"taxonomy":"product_tag","embeddable":true,"href":"https:\/\/wosde.it\/es\/wp-json\/wp\/v2\/product_tag?post=74785"}],"curies":[{"name":"wp","href":"https:\/\/api.w.org\/{rel}","templated":true}]}}