{"id":74737,"date":"2024-10-24T16:07:08","date_gmt":"2024-10-24T14:07:08","guid":{"rendered":"https:\/\/wosde.it\/menu-enmarcado-en-corcho-aguamarina\/"},"modified":"2026-03-19T16:20:08","modified_gmt":"2026-03-19T15:20:08","slug":"menu-enmarcado-en-corcho-aguamarina","status":"publish","type":"product","link":"https:\/\/wosde.it\/es\/menu-enmarcado-en-corcho-aguamarina\/","title":{"rendered":"Men\u00fa enmarcado en sughero acquamare"},"content":{"rendered":"<p>Men\u00fa profesional pr\u00e1ctico en formato A4 o A5, con sistema de enmarcado para hojas. Su acabado en corcho azul agua le da un toque elegante y de alta calidad. Este men\u00fa se puede personalizar con un logotipo impreso o en relieve y la impresi\u00f3n personalizada que prefiera.<\/p>\n","protected":false},"excerpt":{"rendered":"<p>Men\u00fa enmarcado en formato A4 o A5 con acabado en corcho en color azul agua.<\/p>\n","protected":false},"featured_media":62965,"template":"","meta":{"_acf_changed":false},"product_brand":[],"product_cat":[1356,1377],"product_tag":[],"class_list":{"0":"post-74737","1":"product","2":"type-product","3":"status-publish","4":"has-post-thumbnail","6":"product_cat-marco","7":"product_cat-menu-de-wosde","8":"pa_colore-sughero-aguamarina","9":"pa_finitura-corcho","10":"pa_formato-a4","11":"pa_formato-a5","12":"pa_sistema-di-blocco-marco","14":"first","15":"instock","16":"purchasable","17":"product-type-variable","18":"has-default-attributes"},"acf":[],"_links":{"self":[{"href":"https:\/\/wosde.it\/es\/wp-json\/wp\/v2\/product\/74737","targetHints":{"allow":["GET"]}}],"collection":[{"href":"https:\/\/wosde.it\/es\/wp-json\/wp\/v2\/product"}],"about":[{"href":"https:\/\/wosde.it\/es\/wp-json\/wp\/v2\/types\/product"}],"wp:featuredmedia":[{"embeddable":true,"href":"https:\/\/wosde.it\/es\/wp-json\/wp\/v2\/media\/62965"}],"wp:attachment":[{"href":"https:\/\/wosde.it\/es\/wp-json\/wp\/v2\/media?parent=74737"}],"wp:term":[{"taxonomy":"product_brand","embeddable":true,"href":"https:\/\/wosde.it\/es\/wp-json\/wp\/v2\/product_brand?post=74737"},{"taxonomy":"product_cat","embeddable":true,"href":"https:\/\/wosde.it\/es\/wp-json\/wp\/v2\/product_cat?post=74737"},{"taxonomy":"product_tag","embeddable":true,"href":"https:\/\/wosde.it\/es\/wp-json\/wp\/v2\/product_tag?post=74737"}],"curies":[{"name":"wp","href":"https:\/\/api.w.org\/{rel}","templated":true}]}}