{"id":74678,"date":"2024-10-24T16:06:49","date_gmt":"2024-10-24T14:06:49","guid":{"rendered":"https:\/\/wosde.it\/menu-de-rosca-en-corcho-aguamarina\/"},"modified":"2026-03-19T16:18:38","modified_gmt":"2026-03-19T15:18:38","slug":"menu-de-rosca-en-corcho-aguamarina","status":"publish","type":"product","link":"https:\/\/wosde.it\/es\/menu-de-rosca-en-corcho-aguamarina\/","title":{"rendered":"Men\u00fa de rosca en sughero acquamare"},"content":{"rendered":"<p>Men\u00fa profesional pr\u00e1ctico en formato A4 o A5, con cierre de rosca. Su acabado de corcho en color azul agua le da un toque elegante y de alta calidad. Este men\u00fa se puede personalizar con un logotipo impreso o en relieve y la impresi\u00f3n que prefiera.<\/p>\n","protected":false},"excerpt":{"rendered":"<p>Men\u00fa con cierre de rosca en formato A4 o A5 con acabado en corcho en color azul agua.<\/p>\n","protected":false},"featured_media":63188,"template":"","meta":{"_acf_changed":false},"product_brand":[],"product_cat":[1377,1354],"product_tag":[],"class_list":{"0":"post-74678","1":"product","2":"type-product","3":"status-publish","4":"has-post-thumbnail","6":"product_cat-menu-de-wosde","7":"product_cat-tornilloss","8":"pa_colore-sughero-aguamarina","9":"pa_colore-viti-negro","10":"pa_colore-viti-oro","11":"pa_colore-viti-plata","12":"pa_finitura-corcho","13":"pa_formato-a4","14":"pa_formato-a5","15":"pa_sistema-di-blocco-tornilloss","17":"first","18":"instock","19":"purchasable","20":"product-type-variable","21":"has-default-attributes"},"acf":[],"_links":{"self":[{"href":"https:\/\/wosde.it\/es\/wp-json\/wp\/v2\/product\/74678","targetHints":{"allow":["GET"]}}],"collection":[{"href":"https:\/\/wosde.it\/es\/wp-json\/wp\/v2\/product"}],"about":[{"href":"https:\/\/wosde.it\/es\/wp-json\/wp\/v2\/types\/product"}],"wp:featuredmedia":[{"embeddable":true,"href":"https:\/\/wosde.it\/es\/wp-json\/wp\/v2\/media\/63188"}],"wp:attachment":[{"href":"https:\/\/wosde.it\/es\/wp-json\/wp\/v2\/media?parent=74678"}],"wp:term":[{"taxonomy":"product_brand","embeddable":true,"href":"https:\/\/wosde.it\/es\/wp-json\/wp\/v2\/product_brand?post=74678"},{"taxonomy":"product_cat","embeddable":true,"href":"https:\/\/wosde.it\/es\/wp-json\/wp\/v2\/product_cat?post=74678"},{"taxonomy":"product_tag","embeddable":true,"href":"https:\/\/wosde.it\/es\/wp-json\/wp\/v2\/product_tag?post=74678"}],"curies":[{"name":"wp","href":"https:\/\/api.w.org\/{rel}","templated":true}]}}