{"id":74658,"date":"2024-10-24T16:06:49","date_gmt":"2024-10-24T14:06:49","guid":{"rendered":"https:\/\/wosde.it\/menu-con-elastico-en-corcho-natural\/"},"modified":"2026-03-19T16:18:17","modified_gmt":"2026-03-19T15:18:17","slug":"menu-con-elastico-en-corcho-natural","status":"publish","type":"product","link":"https:\/\/wosde.it\/es\/menu-con-elastico-en-corcho-natural\/","title":{"rendered":"Men\u00fa con el\u00e1stico en sughero naturale"},"content":{"rendered":"<p>Men\u00fa profesional pr\u00e1ctico en formato A4 o A5, con cierre el\u00e1stico. Su acabado de corcho en color natural le da un toque elegante y de alta calidad. Este men\u00fa se puede personalizar con un logotipo impreso o en relieve y la impresi\u00f3n personalizada que prefiera.<\/p>\n","protected":false},"excerpt":{"rendered":"<p>Men\u00fa con cierre el\u00e1stico en formato A4 o A5 con acabado en corcho en color natural.<\/p>\n","protected":false},"featured_media":63044,"template":"","meta":{"_acf_changed":false},"product_brand":[],"product_cat":[1349,1377],"product_tag":[],"class_list":{"0":"post-74658","1":"product","2":"type-product","3":"status-publish","4":"has-post-thumbnail","6":"product_cat-elastico","7":"product_cat-menu-de-wosde","8":"pa_colore-elastico-gris","9":"pa_colore-elastico-negro","10":"pa_colore-elastico-rojo","11":"pa_colore-sughero-natural","12":"pa_finitura-corcho","13":"pa_formato-a4","14":"pa_formato-a5","15":"pa_sistema-di-blocco-elastico","17":"first","18":"instock","19":"purchasable","20":"product-type-variable","21":"has-default-attributes"},"acf":[],"_links":{"self":[{"href":"https:\/\/wosde.it\/es\/wp-json\/wp\/v2\/product\/74658","targetHints":{"allow":["GET"]}}],"collection":[{"href":"https:\/\/wosde.it\/es\/wp-json\/wp\/v2\/product"}],"about":[{"href":"https:\/\/wosde.it\/es\/wp-json\/wp\/v2\/types\/product"}],"wp:featuredmedia":[{"embeddable":true,"href":"https:\/\/wosde.it\/es\/wp-json\/wp\/v2\/media\/63044"}],"wp:attachment":[{"href":"https:\/\/wosde.it\/es\/wp-json\/wp\/v2\/media?parent=74658"}],"wp:term":[{"taxonomy":"product_brand","embeddable":true,"href":"https:\/\/wosde.it\/es\/wp-json\/wp\/v2\/product_brand?post=74658"},{"taxonomy":"product_cat","embeddable":true,"href":"https:\/\/wosde.it\/es\/wp-json\/wp\/v2\/product_cat?post=74658"},{"taxonomy":"product_tag","embeddable":true,"href":"https:\/\/wosde.it\/es\/wp-json\/wp\/v2\/product_tag?post=74658"}],"curies":[{"name":"wp","href":"https:\/\/api.w.org\/{rel}","templated":true}]}}