{"id":74571,"date":"2024-10-24T16:06:49","date_gmt":"2024-10-24T14:06:49","guid":{"rendered":"https:\/\/wosde.it\/menu-con-marco-en-piel-negra\/"},"modified":"2026-03-19T16:15:34","modified_gmt":"2026-03-19T15:15:34","slug":"menu-con-marco-en-piel-negra","status":"publish","type":"product","link":"https:\/\/wosde.it\/es\/menu-con-marco-en-piel-negra\/","title":{"rendered":"Men\u00fa con marco en pelle nero"},"content":{"rendered":"<p>Men\u00fa profesional pr\u00e1ctico en formato A4 o A5, con sistema de enmarcado para hojas. Su acabado en piel sint\u00e9tica negra le da un toque elegante y de alta calidad. Este men\u00fa se puede personalizar con un logotipo impreso o en relieve y la impresi\u00f3n que prefiera.<\/p>\n","protected":false},"excerpt":{"rendered":"<p>Men\u00fa enmarcado en formato A4 o A5 con acabado en polipiel en color negro.<\/p>\n","protected":false},"featured_media":62963,"template":"","meta":{"_acf_changed":false},"product_brand":[],"product_cat":[1356,1377],"product_tag":[],"class_list":{"0":"post-74571","1":"product","2":"type-product","3":"status-publish","4":"has-post-thumbnail","6":"product_cat-marco","7":"product_cat-menu-de-wosde","8":"pa_colore-pelle-negro","9":"pa_finitura-cuero","10":"pa_formato-a4","11":"pa_formato-a5","12":"pa_sistema-di-blocco-marco","14":"first","15":"instock","16":"purchasable","17":"product-type-variable","18":"has-default-attributes"},"acf":[],"_links":{"self":[{"href":"https:\/\/wosde.it\/es\/wp-json\/wp\/v2\/product\/74571","targetHints":{"allow":["GET"]}}],"collection":[{"href":"https:\/\/wosde.it\/es\/wp-json\/wp\/v2\/product"}],"about":[{"href":"https:\/\/wosde.it\/es\/wp-json\/wp\/v2\/types\/product"}],"wp:featuredmedia":[{"embeddable":true,"href":"https:\/\/wosde.it\/es\/wp-json\/wp\/v2\/media\/62963"}],"wp:attachment":[{"href":"https:\/\/wosde.it\/es\/wp-json\/wp\/v2\/media?parent=74571"}],"wp:term":[{"taxonomy":"product_brand","embeddable":true,"href":"https:\/\/wosde.it\/es\/wp-json\/wp\/v2\/product_brand?post=74571"},{"taxonomy":"product_cat","embeddable":true,"href":"https:\/\/wosde.it\/es\/wp-json\/wp\/v2\/product_cat?post=74571"},{"taxonomy":"product_tag","embeddable":true,"href":"https:\/\/wosde.it\/es\/wp-json\/wp\/v2\/product_tag?post=74571"}],"curies":[{"name":"wp","href":"https:\/\/api.w.org\/{rel}","templated":true}]}}