{"id":76471,"date":"2021-03-16T13:09:06","date_gmt":"2021-03-16T12:09:06","guid":{"rendered":"https:\/\/wosde.it\/?page_id=76471"},"modified":"2025-12-05T17:54:19","modified_gmt":"2025-12-05T16:54:19","slug":"suministros-para-hosteleria","status":"publish","type":"page","link":"https:\/\/wosde.it\/es\/suministros-para-hosteleria\/","title":{"rendered":"Suministros para hosteler\u00eda"},"content":{"rendered":"<div>Proveedor de hospitalidad<\/div>\n<h2>\n<p>\u00bfEres profesional del sector HORECA y quieres conocer los beneficios de distribuir nuestros productos?<\/p>\n<\/h2>\n<div>\n<p><strong>WOSDE\u00ae<\/strong>, tras a\u00f1os de investigaci\u00f3n, ha desarrollado un material altamente t\u00e9cnico que, gracias a su recubrimiento especial, es completamente hidr\u00f3fugo y resistente a las manchas de todo tipo de sustancias alimentarias. Adem\u00e1s, es higienizable y est\u00e1 certificado.<\/p>\n<p><strong>El sector de la hosteler\u00eda<\/strong> es amplio y diverso. Abarca todo lo necesario para la gesti\u00f3n pr\u00e1ctica de hoteles y restaurantes, como vajillas, peque\u00f1os muebles y accesorios de mesa.<\/p>\n<p><strong>Los productos de mesa profesionales<\/strong> requieren lavado y desinfectado frecuentes. Adem\u00e1s, se manipulan y trasladan constantemente.<br \/>Por eso, deben poseer cualidades como durabilidad, facilidad de limpieza y manejabilidad, adem\u00e1s de ser f\u00e1ciles de almacenar y ocupar el m\u00ednimo espacio.<\/p>\n<p>Con la colecci\u00f3n WOSDE\u00ae, puede ofrecer a sus clientes no solo un producto innovador y elegante, sino una aut\u00e9ntica soluci\u00f3n para los retos pr\u00e1cticos del d\u00eda a d\u00eda.<\/p>\n<\/div>\n<h3>\n<p>MINORISTAS BIEN DISTRIBUIDOS EN TODO EL TERRITORIO NACIONAL<\/p>\n<\/h3>\n<div>\n<p>Para nosotros, es fundamental que el cliente final quede 100 % satisfecho, lo que implica apoyo desde el inicio del proceso de negociaci\u00f3n.<\/p>\n<p>Esto comienza con un an\u00e1lisis del espacio y su mobiliario, seguido del desarrollo de una soluci\u00f3n perfecta y a medida que satisfaga plenamente las expectativas del cliente.<\/p>\n<p>Por eso, nos apoyamos en los mejores proveedores de hosteler\u00eda de todo el pa\u00eds, dividiendo nuestras \u00e1reas de competencia y proporcionando una amplia gama de muestras de productos para la sala de exposici\u00f3n.<\/p>\n<p>La experiencia de nuestros distribuidores es crucial para asesorar sobre las innumerables soluciones que podemos ofrecer, garantizando as\u00ed la m\u00e1xima satisfacci\u00f3n del cliente.<\/p>\n<\/div>\n<p><p>\n        <a href=\"https:\/\/wosde.it\/es\/contactos\/\">Encuentre el proveedor de WOSDE m\u00e1s cercano<\/a>\n    <\/p>\n<\/p>\n<h3>\u00bfPor qu\u00e9 elegir WOSDE\u00ae?<\/h3>\n<hr>\n<div>\n<p>Porque con una infinidad de formas, colores y acabados, los clientes pueden elegir la manteler\u00eda y los accesorios que mejor se adapten a su evento.<\/p>\n<h3>\u00a1Pero eso no es todo!<\/h3>\n<p>Todos los productos WOSDE tambi\u00e9n se pueden personalizar con el logotipo del evento.<\/p>\n<\/div>\n<h4>Los beneficios de la personalizaci\u00f3n son innumerables:<\/h4>\n<h4>\n<p class=\"p1\"><span class=\"s1\">Identificaci\u00f3n<\/span><\/p>\n<\/h4>\n<hr>\n<div>\n<p class=\"p1\"><span class=\"s1\">La identificaci\u00f3n es esencial para fines de marketing y publicidad.<\/span><\/p>\n<\/div>\n<h4>Apelar<\/h4>\n<hr>\n<div>No todo conviene a todos, pero se crea un art\u00edculo personalizado espec\u00edficamente para el cliente.<\/div>\n<h3>Agrado<\/h3>\n<hr>\n<div>La diferencia entre un producto gen\u00e9rico y uno personalizado realmente se aprecia durante el uso.<\/div>\n<h2>Todos los productos WOSDE est\u00e1n fabricados con materiales certificados y probados.<\/h2>\n<hr>\n<div>\n<p>Los art\u00edculos que entran en contacto con alimentos se entregan con una declaraci\u00f3n de conformidad (MOCA) junto con informaci\u00f3n sobre el lote de producci\u00f3n y la trazabilidad (INCLUYENDO ART\u00cdCULOS PERSONALIZADOS).<\/p>\n<p><strong>Env\u00edenos un correo electr\u00f3nico<\/strong> para obtener m\u00e1s informaci\u00f3n y que uno de nuestros representantes locales se ponga en contacto con usted.<\/p>\n<\/div>\n<p><!--more--><br \/>\n<!-- {\"type\":\"layout\",\"children\":[{\"type\":\"section\",\"props\":{\"height\":\"section\",\"height_offset_top\":true,\"image\":\"wp-content\\\/uploads\\\/2021\\\/01\\\/man-using-mobile-in-restaurant-FAUJ835-scaled.jpg\",\"image_effect\":\"fixed\",\"image_position\":\"center-left\",\"image_size\":\"width-1-1\",\"style\":\"secondary\",\"title_breakpoint\":\"xl\",\"title_position\":\"top-left\",\"title_rotation\":\"left\",\"vertical_align\":\"bottom\",\"width\":\"default\"},\"children\":[{\"type\":\"row\",\"children\":[{\"type\":\"column\",\"props\":{\"image_position\":\"center-center\",\"position_sticky_breakpoint\":\"m\",\"vertical_align\":\"bottom\"},\"children\":[{\"type\":\"headline\",\"props\":{\"content\":\"Proveedor de hospitalidad\",\"margin\":\"medium\",\"margin_remove_bottom\":true,\"margin_remove_top\":false,\"text_align\":\"left\",\"title_color\":\"muted\",\"title_decoration\":\"divider\",\"title_element\":\"div\",\"title_style\":\"heading-medium\"}}]}]}]},{\"type\":\"section\",\"props\":{\"image_position\":\"center-center\",\"style\":\"default\",\"title_breakpoint\":\"xl\",\"title_position\":\"top-left\",\"title_rotation\":\"left\",\"vertical_align\":\"\",\"width\":\"default\"},\"children\":[{\"type\":\"row\",\"children\":[{\"type\":\"column\",\"props\":{\"image_position\":\"center-center\",\"position_sticky_breakpoint\":\"m\"},\"children\":[{\"type\":\"headline\",\"props\":{\"content\":\"\n\n<p>\\u00bfEres profesional del sector HORECA y quieres conocer los beneficios de distribuir nuestros productos?<\\\/p>\",\"title_element\":\"h2\",\"title_style\":\"h2\"}},{\"type\":\"text\",\"props\":{\"column\":\"1-2\",\"column_breakpoint\":\"m\",\"content\":\"\n\n<p><strong>WOSDE\\u00ae<\\\/strong>, tras a\\u00f1os de investigaci\\u00f3n, ha desarrollado un material altamente t\\u00e9cnico que, gracias a su recubrimiento especial, es completamente hidr\\u00f3fugo y resistente a las manchas de todo tipo de sustancias alimentarias. Adem\\u00e1s, es higienizable y est\\u00e1 certificado.<\\\/p>\\n\n\n<p><strong>El sector de la hosteler\\u00eda<\\\/strong> es amplio y diverso. Abarca todo lo necesario para la gesti\\u00f3n pr\\u00e1ctica de hoteles y restaurantes, como vajillas, peque\\u00f1os muebles y accesorios de mesa.<\\\/p>\\n\n\n<p><strong>Los productos de mesa profesionales<\\\/strong> requieren lavado y desinfectado frecuentes. Adem\\u00e1s, se manipulan y trasladan constantemente.<br \\\/>Por eso, deben poseer cualidades como durabilidad, facilidad de limpieza y manejabilidad, adem\\u00e1s de ser f\\u00e1ciles de almacenar y ocupar el m\\u00ednimo espacio.<\\\/p>\\n\n\n<p>Con la colecci\\u00f3n WOSDE\\u00ae, puede ofrecer a sus clientes no solo un producto innovador y elegante, sino una aut\\u00e9ntica soluci\\u00f3n para los retos pr\\u00e1cticos del d\\u00eda a d\\u00eda.<\\\/p>\",\"margin\":\"default\"}},{\"type\":\"headline\",\"props\":{\"content\":\"\n\n<p>MINORISTAS BIEN DISTRIBUIDOS EN TODO EL TERRITORIO NACIONAL<\\\/p>\",\"title_element\":\"h3\",\"title_style\":\"h2\"}},{\"type\":\"text\",\"props\":{\"column\":\"1-2\",\"column_breakpoint\":\"m\",\"content\":\"\n\n<p>Para nosotros, es fundamental que el cliente final quede 100 % satisfecho, lo que implica apoyo desde el inicio del proceso de negociaci\\u00f3n.<\\\/p>\\n\n\n<p>Esto comienza con un an\\u00e1lisis del espacio y su mobiliario, seguido del desarrollo de una soluci\\u00f3n perfecta y a medida que satisfaga plenamente las expectativas del cliente.<\\\/p>\\n\n\n<p>Por eso, nos apoyamos en los mejores proveedores de hosteler\\u00eda de todo el pa\\u00eds, dividiendo nuestras \\u00e1reas de competencia y proporcionando una amplia gama de muestras de productos para la sala de exposici\\u00f3n.<\\\/p>\\n\n\n<p>La experiencia de nuestros distribuidores es crucial para asesorar sobre las innumerables soluciones que podemos ofrecer, garantizando as\\u00ed la m\\u00e1xima satisfacci\\u00f3n del cliente.<\\\/p>\",\"margin\":\"default\"}},{\"type\":\"button\",\"props\":{\"grid_column_gap\":\"small\",\"grid_row_gap\":\"small\",\"margin\":\"default\"},\"children\":[{\"type\":\"button_item\",\"props\":{\"button_style\":\"primary\",\"content\":\"Encuentre el proveedor de WOSDE m\\u00e1s cercano\",\"dialog_layout\":\"modal\",\"dialog_offcanvas_flip\":true,\"icon_align\":\"left\",\"link\":\"https:\\\/\\\/wosde.it\\\/es\\\/contactos\\\/\"}}]}]}]}]},{\"type\":\"section\",\"props\":{\"class\":\"sezionegrigiotobianco\",\"image_position\":\"center-center\",\"style\":\"primary\",\"title_breakpoint\":\"xl\",\"title_position\":\"top-left\",\"title_rotation\":\"left\",\"vertical_align\":\"\",\"width\":\"default\"},\"children\":[{\"type\":\"row\",\"children\":[{\"type\":\"column\",\"props\":{\"image_position\":\"center-center\",\"position_sticky_breakpoint\":\"m\",\"style\":\"tile-muted\"},\"children\":[{\"type\":\"headline\",\"props\":{\"content\":\"\\u00bfPor qu\\u00e9 elegir WOSDE\\u00ae?\",\"title_element\":\"h3\",\"title_style\":\"h2\"}},{\"type\":\"divider\",\"props\":{\"divider_element\":\"hr\"}},{\"type\":\"text\",\"props\":{\"column_breakpoint\":\"m\",\"content\":\"\n\n<p>Porque con una infinidad de formas, colores y acabados, los clientes pueden elegir la manteler\\u00eda y los accesorios que mejor se adapten a su evento.<\\\/p>\\n\n\n<h3>\\u00a1Pero eso no es todo!<\\\/h3>\\n\n\n<p>Todos los productos WOSDE tambi\\u00e9n se pueden personalizar con el logotipo del evento.<\\\/p>\",\"margin\":\"default\"}}]}]},{\"type\":\"row\",\"children\":[{\"type\":\"column\",\"props\":{\"image_position\":\"center-center\",\"position_sticky_breakpoint\":\"m\"},\"children\":[{\"type\":\"headline\",\"props\":{\"content\":\"Los beneficios de la personalizaci\\u00f3n son innumerables:\",\"title_element\":\"h4\",\"title_style\":\"h2\"}}]}]},{\"type\":\"row\",\"props\":{\"divider\":false,\"layout\":\"1-3,1-3,1-3\"},\"children\":[{\"type\":\"column\",\"props\":{\"image_position\":\"center-center\",\"position_sticky_breakpoint\":\"m\",\"style\":\"tile-muted\",\"width_medium\":\"1-3\"},\"children\":[{\"type\":\"headline\",\"props\":{\"content\":\"\n\n<p class=\\\"p1\\\"><span class=\\\"s1\\\">Identificaci\\u00f3n<\\\/span><\\\/p>\",\"title_element\":\"h4\",\"title_style\":\"h3\"}},{\"type\":\"divider\",\"props\":{\"divider_element\":\"hr\"}},{\"type\":\"text\",\"props\":{\"column_breakpoint\":\"m\",\"content\":\"\n\n<p class=\\\"p1\\\"><span class=\\\"s1\\\">La identificaci\\u00f3n es esencial para fines de marketing y publicidad.<\\\/span><\\\/p>\",\"margin\":\"default\"}}]},{\"type\":\"column\",\"props\":{\"image_position\":\"center-center\",\"position_sticky_breakpoint\":\"m\",\"style\":\"tile-muted\",\"width_medium\":\"1-3\"},\"children\":[{\"type\":\"headline\",\"props\":{\"content\":\"Apelar\",\"title_element\":\"h4\",\"title_style\":\"h3\"}},{\"type\":\"divider\",\"props\":{\"divider_element\":\"hr\"}},{\"type\":\"text\",\"props\":{\"column_breakpoint\":\"m\",\"content\":\"No todo conviene a todos, pero se crea un art\\u00edculo personalizado espec\\u00edficamente para el cliente.\",\"margin\":\"default\"}}]},{\"type\":\"column\",\"props\":{\"image_position\":\"center-center\",\"position_sticky_breakpoint\":\"m\",\"style\":\"tile-muted\",\"width_medium\":\"1-3\"},\"children\":[{\"type\":\"headline\",\"props\":{\"content\":\"Agrado\",\"title_element\":\"h3\",\"title_style\":\"h3\"}},{\"type\":\"divider\",\"props\":{\"divider_element\":\"hr\"}},{\"type\":\"text\",\"props\":{\"column_breakpoint\":\"m\",\"content\":\"La diferencia entre un producto gen\\u00e9rico y uno personalizado realmente se aprecia durante el uso.\",\"margin\":\"default\"}}]}]},{\"type\":\"row\",\"children\":[{\"type\":\"column\",\"props\":{\"image_position\":\"center-center\",\"position_sticky_breakpoint\":\"m\",\"style\":\"tile-muted\"},\"children\":[{\"type\":\"headline\",\"props\":{\"content\":\"Todos los productos WOSDE est\\u00e1n fabricados con materiales certificados y probados.\",\"title_element\":\"h2\",\"title_style\":\"h3\"}},{\"type\":\"divider\",\"props\":{\"divider_element\":\"hr\"}},{\"type\":\"text\",\"props\":{\"column_breakpoint\":\"m\",\"content\":\"\n\n<p>Los art\\u00edculos que entran en contacto con alimentos se entregan con una declaraci\\u00f3n de conformidad (MOCA) junto con informaci\\u00f3n sobre el lote de producci\\u00f3n y la trazabilidad (INCLUYENDO ART\\u00cdCULOS PERSONALIZADOS).<\\\/p>\\n\\n\n\n<p><strong>Env\\u00edenos un correo electr\\u00f3nico<\\\/strong> para obtener m\\u00e1s informaci\\u00f3n y que uno de nuestros representantes locales se ponga en contacto con usted.<\\\/p>\",\"margin\":\"default\"}}]}]}]}],\"version\":\"4.5.32\"} --><\/p>\n","protected":false},"excerpt":{"rendered":"<p>Proveedor de hospitalidad \u00bfEres profesional del sector HORECA y quieres conocer los beneficios de distribuir nuestros productos? WOSDE\u00ae, tras a\u00f1os de investigaci\u00f3n, ha desarrollado un material altamente t\u00e9cnico que, gracias a su recubrimiento especial, es completamente hidr\u00f3fugo y resistente a las manchas de todo tipo de sustancias alimentarias. Adem\u00e1s, es higienizable y est\u00e1 certificado. El [&hellip;]<\/p>\n","protected":false},"author":1,"featured_media":0,"parent":0,"menu_order":0,"comment_status":"closed","ping_status":"closed","template":"","meta":{"_acf_changed":false,"footnotes":""},"class_list":["post-76471","page","type-page","status-publish","hentry"],"acf":[],"_links":{"self":[{"href":"https:\/\/wosde.it\/es\/wp-json\/wp\/v2\/pages\/76471","targetHints":{"allow":["GET"]}}],"collection":[{"href":"https:\/\/wosde.it\/es\/wp-json\/wp\/v2\/pages"}],"about":[{"href":"https:\/\/wosde.it\/es\/wp-json\/wp\/v2\/types\/page"}],"author":[{"embeddable":true,"href":"https:\/\/wosde.it\/es\/wp-json\/wp\/v2\/users\/1"}],"replies":[{"embeddable":true,"href":"https:\/\/wosde.it\/es\/wp-json\/wp\/v2\/comments?post=76471"}],"version-history":[{"count":0,"href":"https:\/\/wosde.it\/es\/wp-json\/wp\/v2\/pages\/76471\/revisions"}],"wp:attachment":[{"href":"https:\/\/wosde.it\/es\/wp-json\/wp\/v2\/media?parent=76471"}],"curies":[{"name":"wp","href":"https:\/\/api.w.org\/{rel}","templated":true}]}}