{"id":74339,"date":"2025-12-03T15:22:25","date_gmt":"2025-12-03T14:22:25","guid":{"rendered":"https:\/\/wosde.it\/?page_id=74339"},"modified":"2025-12-03T15:22:25","modified_gmt":"2025-12-03T14:22:25","slug":"certificaciones","status":"publish","type":"page","link":"https:\/\/wosde.it\/es\/certificaciones\/","title":{"rendered":"Certificaciones"},"content":{"rendered":"\r\n<p><strong>Las certificaciones<\/strong> son esenciales para satisfacer las demandas cada vez m\u00e1s estrictas de la sociedad en materia de calidad, salud, medio ambiente, seguridad alimentaria y seguridad laboral. Representan una herramienta estrat\u00e9gica para brindar la m\u00e1xima seguridad y garant\u00eda a nuestros clientes.<\/p>\r\n\r\n\r\n\r\n<h2 class=\"wp-block-heading\">REACH y TEST CHIMICO FISICI<\/h2>\r\n\r\n\r\n\r\n<div data-wp-interactive=\"core\/file\" class=\"wp-block-file\"><object data-wp-bind--hidden=\"!state.hasPdfPreview\" hidden class=\"wp-block-file__embed\" data=\"https:\/\/wosde.it\/wp-content\/uploads\/2021\/10\/reach-WOSDE.pdf\" type=\"application\/pdf\" style=\"width:100%;height:600px\" aria-label=\"Incrustado de reach WOSDE.\"><\/object><a href=\"https:\/\/wosde.it\/wp-content\/uploads\/2021\/10\/reach-WOSDE.pdf\">reach WOSDE<\/a><a href=\"https:\/\/wosde.it\/wp-content\/uploads\/2021\/10\/reach-WOSDE.pdf\" class=\"wp-block-file__button wp-element-button\" download>Descargar<\/a><\/div>\r\n\r\n\r\n\r\n<h2 class=\"wp-block-heading\">An\u00e1lisis peri\u00f3dicos de autocontrol<\/h2>\r\n\r\n\r\n\r\n<div data-wp-interactive=\"core\/file\" class=\"wp-block-file\"><object data-wp-bind--hidden=\"!state.hasPdfPreview\" hidden class=\"wp-block-file__embed\" data=\"https:\/\/wosde.it\/wp-content\/uploads\/2021\/10\/WODSE-MENICOCCI-MARCO-Interno-cestino.pdf\" type=\"application\/pdf\" style=\"width:100%;height:600px\" aria-label=\"Incrustado de Tamp\u00f3n interno de cestino.\"><\/object><a href=\"https:\/\/wosde.it\/wp-content\/uploads\/2021\/10\/WODSE-MENICOCCI-MARCO-Interno-cestino.pdf\">Tamp\u00f3n interno de cestino<\/a><a href=\"https:\/\/wosde.it\/wp-content\/uploads\/2021\/10\/WODSE-MENICOCCI-MARCO-Interno-cestino.pdf\" class=\"wp-block-file__button wp-element-button\" download>Descargar<\/a><\/div>\r\n\r\n\r\n\r\n<div data-wp-interactive=\"core\/file\" class=\"wp-block-file\"><object data-wp-bind--hidden=\"!state.hasPdfPreview\" hidden class=\"wp-block-file__embed\" data=\"https:\/\/wosde.it\/wp-content\/uploads\/2021\/10\/WODSE-MENOCCI-MARCO-Acqua-acquedotto.pdf\" type=\"application\/pdf\" style=\"width:100%;height:600px\" aria-label=\"Incrustado de WODSE MENOCCI MARCO - Agua aqua.\"><\/object><a href=\"https:\/\/wosde.it\/wp-content\/uploads\/2021\/10\/WODSE-MENOCCI-MARCO-Acqua-acquedotto.pdf\">WODSE MENOCCI MARCO &#8211; Agua aqua<\/a><a href=\"https:\/\/wosde.it\/wp-content\/uploads\/2021\/10\/WODSE-MENOCCI-MARCO-Acqua-acquedotto.pdf\" class=\"wp-block-file__button wp-element-button\" download>Descargar<\/a><\/div>\r\n\r\n\r\n\r\n<h2 class=\"wp-block-heading\">Certificaci\u00f3n MOCA para Tela de algod\u00f3n DRILL utilizada como forro interior para cestas de pan.\r\n\r\n\r\n\r\n<p>Escribe un correo electr\u00f3nico a: <a href=\"mailto:info@wosde.it?subject=Request from Web Site\">info@wosde.it<\/a> y con gusto te enviaremos la certificaci\u00f3n MOCA.<\/p>\r\n\r\n\r\n\r\n<p><\/p>\r\n\r\n\r\n","protected":false},"excerpt":{"rendered":"<p>Las certificaciones son esenciales para satisfacer las demandas cada vez m\u00e1s estrictas de la sociedad en materia de calidad, salud, medio ambiente, seguridad alimentaria y seguridad laboral. Representan una herramienta estrat\u00e9gica para brindar la m\u00e1xima seguridad y garant\u00eda a nuestros clientes. REACH y TEST CHIMICO FISICI An\u00e1lisis peri\u00f3dicos de autocontrol Certificaci\u00f3n MOCA para Tela de [&hellip;]<\/p>\n","protected":false},"author":1,"featured_media":0,"parent":0,"menu_order":0,"comment_status":"closed","ping_status":"closed","template":"","meta":{"_acf_changed":false,"footnotes":""},"class_list":["post-74339","page","type-page","status-publish","hentry"],"acf":[],"_links":{"self":[{"href":"https:\/\/wosde.it\/es\/wp-json\/wp\/v2\/pages\/74339","targetHints":{"allow":["GET"]}}],"collection":[{"href":"https:\/\/wosde.it\/es\/wp-json\/wp\/v2\/pages"}],"about":[{"href":"https:\/\/wosde.it\/es\/wp-json\/wp\/v2\/types\/page"}],"author":[{"embeddable":true,"href":"https:\/\/wosde.it\/es\/wp-json\/wp\/v2\/users\/1"}],"replies":[{"embeddable":true,"href":"https:\/\/wosde.it\/es\/wp-json\/wp\/v2\/comments?post=74339"}],"version-history":[{"count":0,"href":"https:\/\/wosde.it\/es\/wp-json\/wp\/v2\/pages\/74339\/revisions"}],"wp:attachment":[{"href":"https:\/\/wosde.it\/es\/wp-json\/wp\/v2\/media?parent=74339"}],"curies":[{"name":"wp","href":"https:\/\/api.w.org\/{rel}","templated":true}]}}